{"id":17255,"date":"2023-04-07T15:56:06","date_gmt":"2023-04-07T13:56:06","guid":{"rendered":"https:\/\/hastiere-tourisme.be\/terms-et-gdpr\/"},"modified":"2023-08-25T16:38:39","modified_gmt":"2023-08-25T14:38:39","slug":"terms-et-gdpr","status":"publish","type":"page","link":"https:\/\/hastiere-tourisme.be\/nl\/terms-et-gdpr\/","title":{"rendered":"Terms et gdpr"},"content":{"rendered":"\t\t<div data-elementor-type=\"wp-page\" data-elementor-id=\"17255\" class=\"elementor elementor-17255 elementor-13508\">\n\t\t\t\t\t\t<section class=\"elementor-section elementor-top-section elementor-element elementor-element-77de12c elementor-section-boxed elementor-section-height-default elementor-section-height-default\" data-id=\"77de12c\" data-element_type=\"section\" data-e-type=\"section\">\n\t\t\t\t\t\t<div class=\"elementor-container elementor-column-gap-default\">\n\t\t\t\t\t<div class=\"elementor-column elementor-col-100 elementor-top-column elementor-element elementor-element-2d025b0\" data-id=\"2d025b0\" data-element_type=\"column\" data-e-type=\"column\">\n\t\t\t<div class=\"elementor-widget-wrap elementor-element-populated\">\n\t\t\t\t\t\t<div class=\"elementor-element elementor-element-7e51dda elementor-widget elementor-widget-text-editor\" data-id=\"7e51dda\" data-element_type=\"widget\" data-e-type=\"widget\" data-widget_type=\"text-editor.default\">\n\t\t\t\t<div class=\"elementor-widget-container\">\n\t\t\t\t\t\t\t\t\t<p><strong>TERMS ET GDPR<\/strong><\/p>\n<p>De vereniging zonder winstoogmerk <strong>Office du Tourisme de Hasti\u00e8re-sur-Meuse<\/strong>, met maatschappelijke zetel en kantoor te Rue Marcel Lespagne 27, 5540 Hasti\u00e8re-Lavaux in Belgi\u00eb, is bij de ECB geregistreerd onder nummer 0409 774 421.<\/p>\n<p>Dit privacybeleid legt uit hoe we de persoonlijke gegevens gebruiken die we verzamelen wanneer u onze website bezoekt. <\/p>\n<p><strong>Onderwerpen : <\/strong><\/p>\n<ol>\n<li>Welke gegevens verzamelen we? <\/li>\n<li>Hoe verzamelen we uw gegevens? <\/li>\n<li>Hoe gebruiken we je gegevens en hoe lang bewaren we ze? <\/li>\n<li>Marketing<\/li>\n<li>Wat zijn uw rechten op het gebied van gegevensbescherming? <\/li>\n<li>Wat zijn cookies? <\/li>\n<li>Wat voor soort cookies gebruiken we? <\/li>\n<li>Hoe gebruiken we cookies?<\/li>\n<li>Hoe beheert u uw cookies? <\/li>\n<li>Vertrouwelijkheidsbeleid van andere websites<\/li>\n<li>Veranderingen in ons privacybeleid<\/li>\n<li>Contact opnemen<\/li>\n<li>Hoe neem ik contact op met de juiste autoriteiten? <\/li>\n<\/ol>\n<ol>\n<li><strong> Wat voor gegevens verzamelen we? <\/strong><\/li>\n<\/ol>\n<p>Ons bedrijf verzamelt identificatiegegevens (zoals uw naam, voornaam, telefoonnummer, e-mailadres, geslacht, geboortedatum en -plaats, enz.), technische gegevens (zoals uw IP-adres, browser, URL, enz.) en gegevens die via cookies worden verzameld. <\/p>\n<ol start=\"2\">\n<li><strong> Hoe verzamelen we uw gegevens? <\/strong><\/li>\n<\/ol>\n<p>Je geeft je gegevens rechtstreeks door aan het toeristenbureau van Hasti\u00e8re-sur-Meuse. We verzamelen deze gegevens wanneer u : <\/p>\n<ul>\n<li>online registreren om een product, dienst of evenement te reserveren, <\/li>\n<li>vul een vragenlijst in of geef je mening op een van onze sociale netwerken of per e-mail, <\/li>\n<li>onze website gebruiken of bekijken via de cookies van uw browser, <\/li>\n<li>meedoen aan een wedstrijd <\/li>\n<li>om informatie vragen<\/li>\n<li> <\/li>\n<\/ul>\n<p>Bovendien kan het Office du Tourisme de Hasti\u00e8re-sur-Meuse voor de uitvoering van bepaalde taken de hulp inroepen van andere bedrijven (technisch onderhoud van de website, reclamemailings, enz.). Deze derden hebben alleen toegang tot uw persoonsgegevens voor zover dat nodig is voor de uitvoering van hun respectieve taken. Uw persoonlijke gegevens worden in geen geval verkocht, doorgegeven of doorgegeven aan derden.<\/p>\n<ol start=\"3\">\n<li><strong> Hoe gebruiken we je gegevens en hoe lang bewaren we ze? <\/strong><\/li>\n<\/ol>\n<p>Het Office du Tourisme de Hasti\u00e8re-sur-Meuse is geclassificeerd als een instelling belast met taken van algemeen belang zoals gedefinieerd in artikel 38 D van het Waalse Wetboek voor Toerisme.<\/p>\n<p>Uw persoonlijke gegevens worden verwerkt als onderdeel van deze taken. Het toeristenbureau van Hasti\u00e8re-sur-Meuse kan uw persoonsgegevens bewaren zolang dat nodig is voor de doeleinden waarvoor ze worden gebruikt, en met name voor de volgende doeleinden:<\/p>\n<table width=\"0\">\n<tbody>\n<tr>\n<td>\n<p><strong>Type gegevensverwerking<\/strong><\/p>\n<\/td>\n<td>\n<p><strong>Bewaarperiode gegevens<\/strong><\/p>\n<\/td>\n<td width=\"0\"> <\/td>\n<\/tr>\n<tr>\n<td>\n<p><strong>I. Algemeen publiek<\/strong><\/p>\n<\/td>\n<td> <\/td>\n<td width=\"0\"> <\/td>\n<\/tr>\n<tr>\n<td>\n<p>1\u00b0 Newsletters<\/p>\n<\/td>\n<td> <\/td>\n<td width=\"0\"> <\/td>\n<\/tr>\n<tr>\n<td>\n<p>Om u op de hoogte te houden via onze nieuwsbrieven met alle toeristische informatie die u nodig hebt om Walloni\u00eb te bezoeken<\/p>\n<\/td>\n<td>\n<p>Drie jaar na uw laatste actie als reactie op een verzoek in onze nieuwsbrief. De betrokken persoon kan zich op elk moment uitschrijven door te klikken op de link die voor dit doel in de geselecteerde nieuwsbrief-e-mail staat of door een eenvoudig verzoek in te dienen.<\/p>\n<\/td>\n<td width=\"0\"> <\/td>\n<\/tr>\n<tr>\n<td>\n<p>2\u00b0 Wedstrijden <\/p>\n<\/td>\n<td> <\/td>\n<td width=\"0\"> <\/td>\n<\/tr>\n<tr>\n<td>\n<p>Om deel te nemen aan onze online wedstrijden (via ons externe platform, de Websites en onze sociale netwerken) of offline wedstrijden (op onze stands op evenementen zoals beurzen, toeristische evenementen, enz.)<\/p>\n<\/td>\n<td>\n<p>Gedurende drie maanden na het einde van de competitie (*)<\/p>\n<\/td>\n<td width=\"0\"> <\/td>\n<\/tr>\n<tr>\n<td>\n<p>3\u00b0 Statistieken <\/p>\n<\/td>\n<td> <\/td>\n<td width=\"0\"> <\/td>\n<\/tr>\n<tr>\n<td>\n<p>Om tevredenheidsenqu\u00eates, statistieken en marktonderzoek uit te voeren, de ervaring van gebruikers van onze websites en onze digitale hulpmiddelen te meten en andere metingen van onze prestaties uit te voeren.<\/p>\n<\/td>\n<td>\n<p>De tijd die nodig is om het doel te bereiken (*)<\/p>\n<\/td>\n<td width=\"0\"> <\/td>\n<\/tr>\n<tr>\n<td>\n<p>4\u00b0 Toeristische informatie<\/p>\n<\/td>\n<td> <\/td>\n<td width=\"0\"> <\/td>\n<\/tr>\n<tr>\n<td>\n<p>Om te reageren op verzoeken om informatie en boekingen<\/p>\n<\/td>\n<td>\n<p>Gedurende 3 maanden vanaf de datum van aanvraag (*)<\/p>\n<\/td>\n<td width=\"0\"> <\/td>\n<\/tr>\n<tr>\n<td>\n<p>5\u00b0 Brochure bestellingen<\/p>\n<\/td>\n<td> <\/td>\n<td width=\"0\"> <\/td>\n<\/tr>\n<tr>\n<td>\n<p>Om thuis een toeristische brochure te downloaden, te raadplegen of te ontvangen<\/p>\n<\/td>\n<td>\n<p>Gedurende 1 jaar vanaf de datum van aanvraag <em>(*)<\/em><\/p>\n<\/td>\n<td width=\"0\"> <\/td>\n<\/tr>\n<tr>\n<td>\n<p>6\u00b0 Commerci\u00eble aanbiedingen<\/p>\n<\/td>\n<td> <\/td>\n<td width=\"0\"> <\/td>\n<\/tr>\n<tr>\n<td>\n<p>Om u op de hoogte te houden van commerci\u00eble aanbiedingen, kortingen en promoties van Waalse touroperators<\/p>\n<\/td>\n<td>\n<p>Gedurende 1 jaar vanaf de datum van aanvraag(*)<\/p>\n<\/td>\n<td width=\"0\"> <\/td>\n<\/tr>\n<tr>\n<td>\n<p>7\u00b0 Reserveringen<\/p>\n<\/td>\n<td> <\/td>\n<td width=\"0\"> <\/td>\n<\/tr>\n<tr>\n<td>\n<p>Om u in staat te stellen te reserveren (accommodatie, vrijetijdsactiviteiten, enz.) via de regionale marketingtool (ORC)<\/p>\n<\/td>\n<td>\n<p>De tijd die nodig is om het doel te bereiken (*)<\/p>\n<\/td>\n<td width=\"0\"> <\/td>\n<\/tr>\n<tr>\n<td>\n<p><strong>II. Toeristische professionals<\/strong><\/p>\n<\/td>\n<td> <\/td>\n<td width=\"0\"> <\/td>\n<\/tr>\n<tr>\n<td>\n<p>1\u00b0 Gegevensupdates<\/p>\n<\/td>\n<td> <\/td>\n<td width=\"0\"> <\/td>\n<\/tr>\n<tr>\n<td>\n<p>Het bijwerken van de gegevens van openbare en particuliere touroperators met betrekking tot hun praktische informatie, contactgegevens, prijzen, faciliteiten, diensten, enz.<\/p>\n<\/td>\n<td>\n<p>De tijd die nodig is om het doel te bereiken( *)<\/p>\n<\/td>\n<td width=\"0\"> <\/td>\n<\/tr>\n<tr>\n<td>\n<p>2\u00b0 Feedback<\/p>\n<\/td>\n<td> <\/td>\n<td width=\"0\"> <\/td>\n<\/tr>\n<tr>\n<td>\n<p>Feedback krijgen van backofficegebruikers<\/p>\n<\/td>\n<td>\n<p>De tijd die nodig is om het doel te bereiken ( *)<\/p>\n<\/td>\n<td width=\"0\"> <\/td>\n<\/tr>\n<tr>\n<td>\n<p>3\u00b0Promotionele activiteiten<\/p>\n<\/td>\n<td> <\/td>\n<td width=\"0\"> <\/td>\n<\/tr>\n<tr>\n<td>\n<p>Het structureren van het toeristische aanbod, het cre\u00ebren van nieuwe producten, het promoten van publicaties, websites en alle fysieke of digitale documenten met betrekking tot toeristische producten, het organiseren van de distributie van deze toeristische promotiedocumenten, het uitvoeren van promotionele acties, met name in het kader van onze mediapartnerschappen.<\/p>\n<\/td>\n<td>\n<p>De tijd die nodig is om het doel te bereiken ( *)<\/p>\n<\/td>\n<td width=\"0\"> <\/td>\n<\/tr>\n<tr>\n<td>\n<p><strong>III. Algemeen publiek en toeristische professionals<\/strong><\/p>\n<\/td>\n<td> <\/td>\n<td width=\"0\"> <\/td>\n<\/tr>\n<tr>\n<td>\n<p>1\u00b0 Ontwikkelingen<\/p>\n<\/td>\n<td> <\/td>\n<td width=\"0\"> <\/td>\n<\/tr>\n<tr>\n<td>\n<p>Om de Services die we u aanbieden te verbeteren door ons te informeren over uw belangen in de functionaliteit, prestaties en ondersteuning van onze Services.<\/p>\n<\/td>\n<td>\n<p>De tijd die nodig is om het doel te bereiken ( *)<\/p>\n<\/td>\n<td width=\"0\"> <\/td>\n<\/tr>\n<tr>\n<td colspan=\"2\" rowspan=\"2\">\n<p>(*) De betrokkene kan te allen tijde verzoeken om verwijdering van zijn\/haar gegevens (zie punt 6).<\/p>\n<\/td>\n<td width=\"0\"> <\/td>\n<\/tr>\n<tr>\n<td width=\"0\"> <\/td>\n<\/tr>\n<\/tbody>\n<\/table>\n<ol start=\"4\">\n<li><strong> Marketing<\/strong><\/li>\n<\/ol>\n<p>Het toeristenbureau van Hasti\u00e8re-sur-Meuse wil u graag informatie sturen over zijn producten, diensten en evenementen en die van zijn partners, wanneer het denkt dat deze interessant voor u kunnen zijn. <\/p>\n<p>Als u hebt ingestemd met het ontvangen van onze marketinginformatie, kunt u zich te allen tijde uitschrijven. <\/p>\n<ol start=\"5\">\n<li><strong> Wat zijn uw rechten op het gebied van gegevensbescherming? <\/strong><\/li>\n<\/ol>\n<p>Het toeristenbureau van Hasti\u00e8re-sur-Meuse wil dat u op de hoogte bent van uw rechten op het gebied van gegevensbescherming. Elke gebruiker heeft het recht om : <\/p>\n<ul>\n<li>nformatie opvragen over de verwerking van uw persoonlijke gegevens; <\/li>\n<li>toegang krijgen tot de persoonlijke gegevens die over u zijn verzameld; <\/li>\n<li>verzoeken om rectificatie, aanvulling of correctie van uw persoonlijke gegevens in geval van fouten; <\/li>\n<li>verzoeken om verwijdering van persoonlijke gegevens als deze niet langer nodig zijn of als verwerking niet is toegestaan; <\/li>\n<li>weigeren dat uw persoonlijke gegevens worden gebruikt voor wervingsdoeleinden of omdat u zich in een speciale situatie bevindt; <\/li>\n<li>verzoeken om de verwerking van uw persoonlijke gegevens in specifieke gevallen te beperken; <\/li>\n<li>vragen om uw persoonlijke gegevens terug te sturen (in een gebruikt en machineleesbaar formaat) zodat u deze persoonlijk kunt gebruiken of kunt overdragen aan een andere organisatie; <\/li>\n<li>een verzoek tot inspraak indienen wanneer uw persoonlijke gegevens automatisch worden verwerkt en de beslissingen op basis van deze verwerking u aanzienlijk treffen. In dit geval kun je vragen om een natuurlijk persoon, en niet alleen een computer, om de beslissing te nemen, en je kunt ook je mening geven en de genomen beslissingen aanvechten. <\/li>\n<\/ul>\n<p>Als de schending van de GDPR u materi\u00eble of immateri\u00eble schade heeft berokkend, kunt u bovendien een klacht indienen bij de Commission Nationale Informatique et Libert\u00e9s (CNIL) of een collectieve rechtsvordering instellen.<\/p>\n<p>Als je ons een verzoek stuurt, hebben we een maand de tijd om te reageren <\/p>\n<ol start=\"6\">\n<li><strong> Wat zijn cookies?<\/strong><\/li>\n<\/ol>\n<p>Cookies zijn tekstbestanden die op uw computer worden geplaatst om standaardinformatie over de internetverbinding en informatie over bezoekersgedrag te verzamelen. Wanneer u websites bezoekt, kunnen sommige gegevens automatisch worden verzameld via cookies of vergelijkbare technologie\u00ebn.<\/p>\n<p>Voor meer informatie : <a href=\"https:\/\/www.allaboutcookies.org\/\">https:\/\/www.allaboutcookies.org\/<\/a><\/p>\n<ol start=\"7\">\n<li><strong> Wat voor soort cookies gebruiken we? <\/strong><\/li>\n<\/ol>\n<p>Door deze site te bezoeken geeft u het toeristenbureau van Hasti\u00e8re-sur-Meuse het recht om de intern verzamelde gegevens te gebruiken voor analyse, statistische doeleinden en toeristische promotie.<\/p>\n<ol start=\"8\">\n<li><strong> Hoe gebruiken we cookies? <\/strong><\/li>\n<\/ol>\n<p>Alle gegevens die worden verzameld door de Dienst voor Toerisme van Hasti\u00e8re-sur-Meuse worden verwerkt in overeenstemming met de Belgische en Europese regelgeving inzake de bescherming van persoonsgegevens, zoals : <\/p>\n<ul>\n<li>Verordening (EU) 2016\/679 van het Europees Parlement en de Raad van 27 april 2016 betreffende de bescherming van natuurlijke personen in verband met de verwerking van persoonsgegevens en betreffende het vrije verkeer van die gegevens en tot intrekking van Richtlijn 95\/46\/EG (hierna &#8220;RGPD&#8221; genoemd). <\/li>\n<li>De wet van 30 juli 2018 betreffende de bescherming van natuurlijke personen in verband met de verwerking van persoonsgegevens.<\/li>\n<\/ul>\n<p>Het toeristenbureau van Hasti\u00e8re-sur-Meuse gebruikt cookies op verschillende manieren, maar altijd met het doel om uw ervaring op onze website te verbeteren: <\/p>\n<ul>\n<li>door je de pagina&#8217;s te laten zien die je al hebt gezien, <\/li>\n<li>door te begrijpen hoe u op onze site terecht bent gekomen en wat u zoekt, <\/li>\n<li>door in de toekomst meer informatie toe te voegen op basis van de meest bezochte pagina&#8217;s, <\/li>\n<li> <\/li>\n<\/ul>\n<p>Het kan zijn dat het Office du Tourisme de Hasti\u00e8re-sur-Meuse uw persoonsgegevens moet vrijgeven om te voldoen aan de toepasselijke wetgeving en om een bevel of gerechtelijk bevel van de rechtbank na te leven. Een andere reden kan zijn om haar rechten of die van gebruikers van de Sites te beschermen en te verdedigen. <\/p>\n<ol start=\"9\">\n<li><strong> Hoe beheert u uw cookies? <\/strong><\/li>\n<\/ol>\n<p>U kunt uw browser instellen om geen cookies te accepteren en op de bovenstaande website staat hoe u cookies uit uw browser kunt verwijderen. In bepaalde gevallen kunnen sommige functies van onze website hierdoor echter niet functioneren. <\/p>\n<ol start=\"10\">\n<li><strong> Vertrouwelijkheidsbeleid van andere websites<\/strong><\/li>\n<\/ol>\n<p>Andere websites die gelinkt zijn aan de website van het toeristenbureau van Hasti\u00e8re-sur-Meuse hebben niet hetzelfde privacybeleid als deze website. Dus om meer te weten te komen over hun privacybeleid, moet je naar hun website gaan en hun beleid lezen.<\/p>\n<ol start=\"11\">\n<li><strong> Wijzigingen in ons privacybeleid<\/strong><\/li>\n<\/ol>\n<p>Ons bedrijf herziet regelmatig zijn privacybeleid en publiceert eventuele updates op deze webpagina. Dit privacybeleid is voor het laatst bijgewerkt op 9 januari 2019. <\/p>\n<ol start=\"12\">\n<li><strong> Hoe kunt u contact met ons opnemen?<\/strong><\/li>\n<\/ol>\n<p>Als u vragen hebt over het gebruik van uw persoonlijke gegevens, neem dan contact met ons op via : <\/p>\n<ul>\n<li>stuur een e-mail naar <u><a href=\"mailto:info@beauraingtourisme.be\">info@hastieretourisme.be<\/a><\/u><\/li>\n<li>bel ons op : 082\/64.44.34<\/li>\n<li>contacteer ons per post: Office du tourisme de Hasti\u00e8re-sur-Meuse, rue Marcel Lespagne 27, 5540 Hasti\u00e8re-Lavaux, Belgi\u00eb<\/li>\n<\/ul>\n<ol start=\"13\">\n<li><strong> Hoe neem ik contact op met de juiste autoriteiten? <\/strong><\/li>\n<\/ol>\n<p>Als u een klacht wilt indienen of van mening bent dat het toeristenbureau van Hasti\u00e8re-sur-Meuse uw problemen niet heeft opgelost, kunt u contact opnemen met een toezichthoudende autoriteit <\/p>\n<p><strong>In Belgi\u00eb<\/strong> :<\/p>\n<p>Autorit\u00e9 de Protection des Donn\u00e9es <\/p>\n<p>Rue de la Presse 35, 1000 Bruxelles<\/p>\n<p>Tel : +32(0)2 274 48 00 \u2022 Fax : +32(0)2 274 48 35<\/p>\n<p>contact@apd-gba.be<\/p>\n<p>autoriteprotectiondonnees.be<\/p>\n<p>OFFICE DU TOURISME DE HASTIERE-SUR-MEUSE<\/p>\n<p>Rue Marcel Lespagne 27<br \/>5540 Hasti\u00e8re-Lavaux<br \/> <u><a href=\"tel:003282711140\">+32 (0)82 64 44 34<\/a><\/u><br \/> <a href=\"mailto:info@hastieretourisme.be\">info@hastieretourisme.be<\/a><\/p>\n<p>LABELLEN<\/p>\n<p><img decoding=\"async\" class=\"alignnone wp-image-13526 size-thumbnail\" src=\"https:\/\/hastiere-tourisme.be\/wp-content\/uploads\/2023\/04\/velo.fw_-150x150.png\" alt=\"\" width=\"150\" height=\"150\" srcset=\"https:\/\/hastiere-tourisme.be\/wp-content\/uploads\/2023\/04\/velo.fw_-150x150.png 150w, https:\/\/hastiere-tourisme.be\/wp-content\/uploads\/2023\/04\/velo.fw_-106x106.png 106w, https:\/\/hastiere-tourisme.be\/wp-content\/uploads\/2023\/04\/velo.fw_-70x70.png 70w\" sizes=\"(max-width: 150px) 100vw, 150px\" \/><\/p>\n<p>PARTNERS<\/p><\/p>\n\t\t\t\t\t\t\t\t<\/div>\n\t\t\t\t<\/div>\n\t\t\t\t\t<\/div>\n\t\t<\/div>\n\t\t\t\t\t<\/div>\n\t\t<\/section>\n\t\t\t\t<\/div>\n\t\t","protected":false},"excerpt":{"rendered":"<p>TERMS ET GDPR De vereniging zonder winstoogmerk Office du Tourisme de Hasti\u00e8re-sur-Meuse, met maatschappelijke zetel en kantoor te Rue Marcel Lespagne 27, 5540 Hasti\u00e8re-Lavaux in Belgi\u00eb, is bij de ECB geregistreerd onder nummer 0409 774 421. Dit privacybeleid legt uit hoe we de persoonlijke gegevens gebruiken die we verzamelen wanneer u onze website bezoekt. Onderwerpen [&hellip;]<\/p>\n","protected":false},"author":1,"featured_media":0,"parent":0,"menu_order":0,"comment_status":"closed","ping_status":"closed","template":"elementor_header_footer","meta":{"footnotes":""},"class_list":["post-17255","page","type-page","status-publish","hentry"],"_links":{"self":[{"href":"https:\/\/hastiere-tourisme.be\/nl\/wp-json\/wp\/v2\/pages\/17255","targetHints":{"allow":["GET"]}}],"collection":[{"href":"https:\/\/hastiere-tourisme.be\/nl\/wp-json\/wp\/v2\/pages"}],"about":[{"href":"https:\/\/hastiere-tourisme.be\/nl\/wp-json\/wp\/v2\/types\/page"}],"author":[{"embeddable":true,"href":"https:\/\/hastiere-tourisme.be\/nl\/wp-json\/wp\/v2\/users\/1"}],"replies":[{"embeddable":true,"href":"https:\/\/hastiere-tourisme.be\/nl\/wp-json\/wp\/v2\/comments?post=17255"}],"version-history":[{"count":0,"href":"https:\/\/hastiere-tourisme.be\/nl\/wp-json\/wp\/v2\/pages\/17255\/revisions"}],"wp:attachment":[{"href":"https:\/\/hastiere-tourisme.be\/nl\/wp-json\/wp\/v2\/media?parent=17255"}],"curies":[{"name":"wp","href":"https:\/\/api.w.org\/{rel}","templated":true}]}}