{"id":17020,"date":"2023-05-15T21:21:24","date_gmt":"2023-05-15T19:21:24","guid":{"rendered":"https:\/\/hastiere-tourisme.be\/bezoeken\/maison-du-patrimoine\/"},"modified":"2026-04-07T11:50:46","modified_gmt":"2026-04-07T09:50:46","slug":"maison-du-patrimoine","status":"publish","type":"page","link":"https:\/\/hastiere-tourisme.be\/nl\/bezoeken\/maison-du-patrimoine\/","title":{"rendered":"Maison du Patrimoine"},"content":{"rendered":"\t\t<div data-elementor-type=\"wp-page\" data-elementor-id=\"17020\" class=\"elementor elementor-17020 elementor-13940\">\n\t\t\t\t\t\t<section class=\"elementor-section elementor-top-section elementor-element elementor-element-5b949baa elementor-section-height-min-height elementor-section-content-middle elementor-section-boxed elementor-section-height-default elementor-section-items-middle\" data-id=\"5b949baa\" data-element_type=\"section\" data-e-type=\"section\" data-settings=\"{&quot;background_background&quot;:&quot;classic&quot;}\">\n\t\t\t\t\t\t<div class=\"elementor-container elementor-column-gap-default\">\n\t\t\t\t\t<div class=\"elementor-column elementor-col-100 elementor-top-column elementor-element elementor-element-ed1bcc3\" data-id=\"ed1bcc3\" data-element_type=\"column\" data-e-type=\"column\">\n\t\t\t<div class=\"elementor-widget-wrap elementor-element-populated\">\n\t\t\t\t\t\t<div class=\"elementor-element elementor-element-6736ed46 elementor-widget elementor-widget-heading\" data-id=\"6736ed46\" data-element_type=\"widget\" data-e-type=\"widget\" data-widget_type=\"heading.default\">\n\t\t\t\t<div class=\"elementor-widget-container\">\n\t\t\t\t\t<h2 class=\"elementor-heading-title elementor-size-xxl\">La Maison du Patrimoine<\/h2>\t\t\t\t<\/div>\n\t\t\t\t<\/div>\n\t\t\t\t\t<\/div>\n\t\t<\/div>\n\t\t\t\t\t<\/div>\n\t\t<\/section>\n\t\t\t\t<section class=\"elementor-section elementor-top-section elementor-element elementor-element-1a7eb59c elementor-section-boxed elementor-section-height-default elementor-section-height-default\" data-id=\"1a7eb59c\" data-element_type=\"section\" data-e-type=\"section\">\n\t\t\t\t\t\t<div class=\"elementor-container elementor-column-gap-default\">\n\t\t\t\t\t<div class=\"elementor-column elementor-col-100 elementor-top-column elementor-element elementor-element-2de94ee3\" data-id=\"2de94ee3\" data-element_type=\"column\" data-e-type=\"column\">\n\t\t\t<div class=\"elementor-widget-wrap elementor-element-populated\">\n\t\t\t\t\t\t<div class=\"elementor-element elementor-element-3171671c elementor-widget elementor-widget-spacer\" data-id=\"3171671c\" data-element_type=\"widget\" data-e-type=\"widget\" data-widget_type=\"spacer.default\">\n\t\t\t\t<div class=\"elementor-widget-container\">\n\t\t\t\t\t\t\t<div class=\"elementor-spacer\">\n\t\t\t<div class=\"elementor-spacer-inner\"><\/div>\n\t\t<\/div>\n\t\t\t\t\t\t<\/div>\n\t\t\t\t<\/div>\n\t\t\t\t\t<\/div>\n\t\t<\/div>\n\t\t\t\t\t<\/div>\n\t\t<\/section>\n\t\t\t\t<section class=\"elementor-section elementor-top-section elementor-element elementor-element-464ba152 elementor-section-boxed elementor-section-height-default elementor-section-height-default\" data-id=\"464ba152\" data-element_type=\"section\" data-e-type=\"section\">\n\t\t\t\t\t\t<div class=\"elementor-container elementor-column-gap-default\">\n\t\t\t\t\t<div class=\"elementor-column elementor-col-33 elementor-top-column elementor-element elementor-element-478a3a23\" data-id=\"478a3a23\" data-element_type=\"column\" data-e-type=\"column\">\n\t\t\t<div class=\"elementor-widget-wrap elementor-element-populated\">\n\t\t\t\t\t\t<div class=\"elementor-element elementor-element-294c349 elementor-widget elementor-widget-image\" data-id=\"294c349\" data-element_type=\"widget\" data-e-type=\"widget\" data-widget_type=\"image.default\">\n\t\t\t\t<div class=\"elementor-widget-container\">\n\t\t\t\t\t\t\t\t\t\t\t\t\t\t\t<img fetchpriority=\"high\" decoding=\"async\" width=\"800\" height=\"600\" src=\"https:\/\/hastiere-tourisme.be\/wp-content\/uploads\/2023\/04\/maison-du-patrimoine.jpg\" class=\"attachment-large size-large wp-image-16580\" alt=\"\" srcset=\"https:\/\/hastiere-tourisme.be\/wp-content\/uploads\/2023\/04\/maison-du-patrimoine.jpg 800w, https:\/\/hastiere-tourisme.be\/wp-content\/uploads\/2023\/04\/maison-du-patrimoine-300x225.jpg 300w, https:\/\/hastiere-tourisme.be\/wp-content\/uploads\/2023\/04\/maison-du-patrimoine-768x576.jpg 768w\" sizes=\"(max-width: 800px) 100vw, 800px\" \/>\t\t\t\t\t\t\t\t\t\t\t\t\t\t\t<\/div>\n\t\t\t\t<\/div>\n\t\t\t\t\t<\/div>\n\t\t<\/div>\n\t\t\t\t<div class=\"elementor-column elementor-col-66 elementor-top-column elementor-element elementor-element-5edc7502\" data-id=\"5edc7502\" data-element_type=\"column\" data-e-type=\"column\">\n\t\t\t<div class=\"elementor-widget-wrap elementor-element-populated\">\n\t\t\t\t\t\t<div class=\"elementor-element elementor-element-6e0f8abe elementor-widget elementor-widget-text-editor\" data-id=\"6e0f8abe\" data-element_type=\"widget\" data-e-type=\"widget\" data-widget_type=\"text-editor.default\">\n\t\t\t\t<div class=\"elementor-widget-container\">\n\t\t\t\t\t\t\t\t\t<p>Een bezoek aan deze &#8220;werkplaats van het lokale patrimonium&#8221; onthult een dertigtal ambachten vertegenwoordigd door een veelheid aan gereedschappen en voorwerpen, voornamelijk uit de 19e en 20e eeuw. Al deze antieke stukken getuigen van een ingenieus maar ook nauwgezet verleden. Ze zijn gemaakt door mannen en vrouwen, met hun handen, hun intelligentie en hun knowhow.<\/p><p>In het Mus\u00e9e d&#8217;Hasti\u00e8re worden de werktechnieken en gereedschappen uit het verleden gepresenteerd in verschillende categorie\u00ebn thematische collecties:<\/p><p>&#8211; het plattelandsleven: steenhouwers, metselaars, smeden, blikslagers, leisteenwinners, houthakkers, schrijnwerkers, wagenmakers, loodgieters, schoenmakers, klompenmakers, bakkers, slagers, koks, imkers, boeren, enz.<\/p><p>&#8211; het leven op de rivier: stuwadoors, vissers, sluiswachters en handmatige stuwdambeheerders in Hasti\u00e8re en Waulsort, enz.<\/p><p>&#8211; Het industri\u00eble leven: een terugblik op lokale industrie\u00ebn zoals C\u00e9ramanova in Waulsort en de Fabrique des Crayons Gilbert in Hasti\u00e8re, maar ook de oude spinnerij, de brouwerij &#8220;L&#8217;Abeille&#8221;, de zandverwerkingsfabriek &#8220;Sambre et Dyle&#8221; in Hasti\u00e8re-Lavaux, enz.<\/p><p>Een bezoek aan het Hasti\u00e8rois Museum is een verrijkende ervaring voor iedereen, van ouderen die sporen uit hun kindertijd herontdekken tot jongeren die de vindingrijkheid en het harde werken van hun voorouders ontdekken.<\/p><p>Informatie en rondleidingen in het &#8220;Maison du Patrimoine d&#8217;Hasti\u00e8re&#8221;<br>Jonathan Porignaux &#8211; rue Marcel Lespagne 70 \u00e0 5540 Hasti\u00e8re-Lavaux. Tel: +32 474 42 39 99<\/p><p><a href=\"http:\/\/www.patrimoinehastiere.be\">www.patrimoinehastiere.be<\/a> \u2013 <a href=\"mailto:musee.hastiere@live.be\">musee.hastiere@live.<\/a><\/p>\t\t\t\t\t\t\t\t<\/div>\n\t\t\t\t<\/div>\n\t\t\t\t<div class=\"elementor-element elementor-element-64757ac7 elementor-widget elementor-widget-html\" data-id=\"64757ac7\" data-element_type=\"widget\" data-e-type=\"widget\" data-widget_type=\"html.default\">\n\t\t\t\t<div class=\"elementor-widget-container\">\n\t\t\t\t\t<a href=\"javascript:history.go(-1)\">Terug<\/a>\r\n\r\n\t\t\t\t<\/div>\n\t\t\t\t<\/div>\n\t\t\t\t\t<\/div>\n\t\t<\/div>\n\t\t\t\t\t<\/div>\n\t\t<\/section>\n\t\t\t\t<section class=\"elementor-section elementor-top-section elementor-element elementor-element-1e0b84a elementor-section-boxed elementor-section-height-default elementor-section-height-default\" data-id=\"1e0b84a\" data-element_type=\"section\" data-e-type=\"section\">\n\t\t\t\t\t\t<div class=\"elementor-container elementor-column-gap-default\">\n\t\t\t\t\t<div class=\"elementor-column elementor-col-100 elementor-top-column elementor-element elementor-element-f38cb92\" data-id=\"f38cb92\" data-element_type=\"column\" data-e-type=\"column\">\n\t\t\t<div class=\"elementor-widget-wrap elementor-element-populated\">\n\t\t\t\t\t\t<div class=\"elementor-element elementor-element-6234691 elementor-widget elementor-widget-spacer\" data-id=\"6234691\" data-element_type=\"widget\" data-e-type=\"widget\" data-widget_type=\"spacer.default\">\n\t\t\t\t<div class=\"elementor-widget-container\">\n\t\t\t\t\t\t\t<div class=\"elementor-spacer\">\n\t\t\t<div class=\"elementor-spacer-inner\"><\/div>\n\t\t<\/div>\n\t\t\t\t\t\t<\/div>\n\t\t\t\t<\/div>\n\t\t\t\t\t<\/div>\n\t\t<\/div>\n\t\t\t\t\t<\/div>\n\t\t<\/section>\n\t\t\t\t<\/div>\n\t\t","protected":false},"excerpt":{"rendered":"<p>La Maison du Patrimoine Een bezoek aan deze &#8220;werkplaats van het lokale patrimonium&#8221; onthult een dertigtal ambachten vertegenwoordigd door een veelheid aan gereedschappen en voorwerpen, voornamelijk uit de 19e en 20e eeuw. Al deze antieke stukken getuigen van een ingenieus maar ook nauwgezet verleden. Ze zijn gemaakt door mannen en vrouwen, met hun handen, hun [&hellip;]<\/p>\n","protected":false},"author":1,"featured_media":0,"parent":17010,"menu_order":2,"comment_status":"closed","ping_status":"closed","template":"redux-templates_full_width","meta":{"footnotes":""},"class_list":["post-17020","page","type-page","status-publish","hentry"],"_links":{"self":[{"href":"https:\/\/hastiere-tourisme.be\/nl\/wp-json\/wp\/v2\/pages\/17020","targetHints":{"allow":["GET"]}}],"collection":[{"href":"https:\/\/hastiere-tourisme.be\/nl\/wp-json\/wp\/v2\/pages"}],"about":[{"href":"https:\/\/hastiere-tourisme.be\/nl\/wp-json\/wp\/v2\/types\/page"}],"author":[{"embeddable":true,"href":"https:\/\/hastiere-tourisme.be\/nl\/wp-json\/wp\/v2\/users\/1"}],"replies":[{"embeddable":true,"href":"https:\/\/hastiere-tourisme.be\/nl\/wp-json\/wp\/v2\/comments?post=17020"}],"version-history":[{"count":5,"href":"https:\/\/hastiere-tourisme.be\/nl\/wp-json\/wp\/v2\/pages\/17020\/revisions"}],"predecessor-version":[{"id":56851,"href":"https:\/\/hastiere-tourisme.be\/nl\/wp-json\/wp\/v2\/pages\/17020\/revisions\/56851"}],"up":[{"embeddable":true,"href":"https:\/\/hastiere-tourisme.be\/nl\/wp-json\/wp\/v2\/pages\/17010"}],"wp:attachment":[{"href":"https:\/\/hastiere-tourisme.be\/nl\/wp-json\/wp\/v2\/media?parent=17020"}],"curies":[{"name":"wp","href":"https:\/\/api.w.org\/{rel}","templated":true}]}}