{"id":16964,"date":"2023-07-05T17:28:25","date_gmt":"2023-07-05T15:28:25","guid":{"rendered":"https:\/\/hastiere-tourisme.be\/bewegen\/met-de-fiets\/parcour-vtt-gpx\/"},"modified":"2023-10-26T14:53:33","modified_gmt":"2023-10-26T12:53:33","slug":"parcour-vtt-gpx","status":"publish","type":"page","link":"https:\/\/hastiere-tourisme.be\/nl\/bewegen\/met-de-fiets\/parcour-vtt-gpx\/","title":{"rendered":"Parcour VTT GPX"},"content":{"rendered":"\t\t<div data-elementor-type=\"wp-page\" data-elementor-id=\"16964\" class=\"elementor elementor-16964 elementor-15146\">\n\t\t\t\t\t\t<section class=\"elementor-section elementor-top-section elementor-element elementor-element-3b8174fb elementor-section-height-min-height elementor-section-content-middle elementor-section-boxed elementor-section-height-default elementor-section-items-middle\" data-id=\"3b8174fb\" data-element_type=\"section\" data-e-type=\"section\" data-settings=\"{&quot;background_background&quot;:&quot;classic&quot;}\">\n\t\t\t\t\t\t<div class=\"elementor-container elementor-column-gap-default\">\n\t\t\t\t\t<div class=\"elementor-column elementor-col-100 elementor-top-column elementor-element elementor-element-2659ee4e\" data-id=\"2659ee4e\" data-element_type=\"column\" data-e-type=\"column\">\n\t\t\t<div class=\"elementor-widget-wrap elementor-element-populated\">\n\t\t\t\t\t\t<div class=\"elementor-element elementor-element-3f25dfd0 elementor-widget elementor-widget-heading\" data-id=\"3f25dfd0\" data-element_type=\"widget\" data-e-type=\"widget\" data-widget_type=\"heading.default\">\n\t\t\t\t<div class=\"elementor-widget-container\">\n\t\t\t\t\t<h2 class=\"elementor-heading-title elementor-size-xxl\">Parcour VTT<\/h2>\t\t\t\t<\/div>\n\t\t\t\t<\/div>\n\t\t\t\t\t<\/div>\n\t\t<\/div>\n\t\t\t\t\t<\/div>\n\t\t<\/section>\n\t\t\t\t<section class=\"elementor-section elementor-top-section elementor-element elementor-element-b9379a3 elementor-section-boxed elementor-section-height-default elementor-section-height-default\" data-id=\"b9379a3\" data-element_type=\"section\" data-e-type=\"section\">\n\t\t\t\t\t\t<div class=\"elementor-container elementor-column-gap-default\">\n\t\t\t\t\t<div class=\"elementor-column elementor-col-100 elementor-top-column elementor-element elementor-element-3640b3a\" data-id=\"3640b3a\" data-element_type=\"column\" data-e-type=\"column\">\n\t\t\t<div class=\"elementor-widget-wrap elementor-element-populated\">\n\t\t\t\t\t\t<div class=\"elementor-element elementor-element-6783d62 elementor-widget elementor-widget-spacer\" data-id=\"6783d62\" data-element_type=\"widget\" data-e-type=\"widget\" data-widget_type=\"spacer.default\">\n\t\t\t\t<div class=\"elementor-widget-container\">\n\t\t\t\t\t\t\t<div class=\"elementor-spacer\">\n\t\t\t<div class=\"elementor-spacer-inner\"><\/div>\n\t\t<\/div>\n\t\t\t\t\t\t<\/div>\n\t\t\t\t<\/div>\n\t\t\t\t\t<\/div>\n\t\t<\/div>\n\t\t\t\t\t<\/div>\n\t\t<\/section>\n\t\t\t\t<section class=\"elementor-section elementor-top-section elementor-element elementor-element-48e1872 elementor-section-boxed elementor-section-height-default elementor-section-height-default\" data-id=\"48e1872\" data-element_type=\"section\" data-e-type=\"section\">\n\t\t\t\t\t\t<div class=\"elementor-container elementor-column-gap-default\">\n\t\t\t\t\t<div class=\"elementor-column elementor-col-100 elementor-top-column elementor-element elementor-element-852ed39\" data-id=\"852ed39\" data-element_type=\"column\" data-e-type=\"column\">\n\t\t\t<div class=\"elementor-widget-wrap elementor-element-populated\">\n\t\t\t\t\t\t<div class=\"elementor-element elementor-element-8729cc9 elementor-widget elementor-widget-shortcode\" data-id=\"8729cc9\" data-element_type=\"widget\" data-e-type=\"widget\" data-widget_type=\"shortcode.default\">\n\t\t\t\t<div class=\"elementor-widget-container\">\n\t\t\t\t\t\t\t<div class=\"elementor-shortcode\"><h3>7 mountainbikeroutes zijn bewegwijzerd en toegankelijk<\/h3>\n<\/br>\n<a href=\"\/wp-content\/uploads\/gpx\/Circuit%20VTT1.gpx\"><span style=\"text-decoration: underline; color: #008000;\">Circuit 1 - Les Cr\u00eates d'Inzemont (balisage jaune)<\/span> : vertrek Place Binet Hasti\u00e8re-Lavaux - 10,3 km - d\u00e9niv.+ : 323m<\/a> [sgpx gpx=\"\/wp-content\/uploads\/gpx\/Circuit VTT1.gpx\"]\n\n&nbsp;<\/br><\/br>\n\n<a href=\"\/wp-content\/uploads\/gpx\/Circuit%20VTT2.gpx\"><span style=\"text-decoration: underline; color: #008000;\">Circuit 2 - L'\u00eele aux oiseaux (balisage rouge)<\/span> : vertrek aan de abdijkerk van Hasti\u00e8re-par-del\u00e0 - 22,4 km - d\u00e9niv.+ : 581m<\/a> [sgpx gpx=\"\/wp-content\/uploads\/gpx\/Circuit VTT2.gpx\"]\n\n&nbsp;<\/br><\/br>\n\n<a href=\"\/wp-content\/uploads\/gpx\/Circuit%20VTT3%20final.gpx\"><span style=\"text-decoration: underline; color: #008000;\">Circuit 3 - Le Petit Blaimont (balisage bleu)<\/span><\/a> : vertrek Place Binet Hasti\u00e8re-Lavaux - 12,7 km - d\u00e9niv.+ : 517m [sgpx gpx=\"\/wp-content\/uploads\/gpx\/Circuit VTT3 final.gpx\"]\n\n&nbsp;<\/br><\/br>\n\n<a href=\"\/wp-content\/uploads\/gpx\/Circuit%20VTT4.gpx\"><span style=\"text-decoration: underline; color: #008000;\">Circuit 4 - Le Grand Blaimont (balisage vert)<\/span><\/a>: vertrek Abbatiale \u00e0 Hasti\u00e8re-par-del\u00e0 -17,9 km - d\u00e9niv.+ : 446m [sgpx gpx=\"\/wp-content\/uploads\/gpx\/Circuit VTT4.gpx\"]\n\n&nbsp;<\/br><\/br>\n\n<a href=\"\/wp-content\/uploads\/gpx\/Circuit%20VTT5.gpx\"><span style=\"text-decoration: underline; color: #008000;\">Circuit 5 - Heer-Agimont d'une rive \u00e0 l'autre (balisage bleu)<\/span><\/a> : vertrek kapel van Bas-Pr\u00e9s \u00e0 Heer-Agimont - 19,3 km - d\u00e9niv.+ : 657m [sgpx gpx=\"\/wp-content\/uploads\/gpx\/Circuit VTT5.gpx\"]\n\n&nbsp;<\/br><\/br>\n\n<a href=\"\/wp-content\/uploads\/gpx\/Circuit%20VTT6.gpx\"><span style=\"text-decoration: underline; color: #008000;\">Circuit 6 - De la vall\u00e9e au Plateau de Waulsort (balisage rouge)<\/span><\/a> : vertrek Place Binet \u00e0 Hasti\u00e8re-Lavaux - 14,2 km - d\u00e9niv.+ : 509m [sgpx gpx=\"\/wp-content\/uploads\/gpx\/Circuit VTT6.gpx\"]\n\n&nbsp;<\/br><\/br>\n\n<a href=\"\/wp-content\/uploads\/gpx\/Circuit%20VTT6%20boucle%20familiale.gpx\"><span style=\"text-decoration: underline; color: #008000;\">Circuit 6bis - Boucle familiale sur le Plateau de Lenne (Waulsort) (balisage rouge)<\/span><\/a> <strong><span style=\"color: #ff0000;\">CONVIENT AUX FAMILLES AVEC ENFANTS<\/span><\/strong> : d\u00e9part All\u00e9e de l'Air Pur (domaine Eden Meuse) \u00e0 Hasti\u00e8re-Lavaux - 7,8 km - d\u00e9niv.+ : 222m [sgpx gpx=\"\/wp-content\/uploads\/gpx\/Circuit VTT6 boucle familiale.gpx\"]\n\n&nbsp;<\/br><\/br>\n\nWaarschuwing: alle markeringen zijn aangebracht, evenals borden die gevaren aangeven (kruisingen, gevaarlijke afdalingen, enz.). Wees voorzichtig en beleefd ten opzichte van andere weggebruikers. Bedankt voor uw begrip\n<p style=\"text-align: justify;\">Je kunt deze 7 wandelingen bekijken en downloaden via de bovenstaande links.<\/p>\nVan oktober tot december worden er in de gemeente, net als in alle landelijke gebieden van Walloni\u00eb, jachtpartijen en drijfjachten georganiseerd. Bepaalde mountainbikeroutes kunnen gesloten zijn op de dag van en de dag voor de jacht. Informatie over de data van jachten en drijfjachten en de betreffende routes is beschikbaar<span style=\"text-decoration: underline;\"><a href=\"https:\/\/hastiere-tourisme.be\/nl\/bewegen\/jachtperiode\/\" rel=\"noopener noreferrer\">op de pagina \"jachten en drijfjachten\" in het gedeelte \"te voet reizen\"<\/a><\/span>.\n<p style=\"text-align: justify;\">Routebeschrijvingen voor elk van deze lussen zijn verkrijgbaar bij Office du Tourisme.<\/p>\n<\/div>\n\t\t\t\t\t\t<\/div>\n\t\t\t\t<\/div>\n\t\t\t\t\t<\/div>\n\t\t<\/div>\n\t\t\t\t\t<\/div>\n\t\t<\/section>\n\t\t\t\t<section class=\"elementor-section elementor-top-section elementor-element elementor-element-7be87c3 elementor-section-boxed elementor-section-height-default elementor-section-height-default\" data-id=\"7be87c3\" data-element_type=\"section\" data-e-type=\"section\">\n\t\t\t\t\t\t<div class=\"elementor-container elementor-column-gap-default\">\n\t\t\t\t\t<div class=\"elementor-column elementor-col-100 elementor-top-column elementor-element elementor-element-c1077ba\" data-id=\"c1077ba\" data-element_type=\"column\" data-e-type=\"column\">\n\t\t\t<div class=\"elementor-widget-wrap elementor-element-populated\">\n\t\t\t\t\t\t<div class=\"elementor-element elementor-element-8278a7d elementor-widget elementor-widget-html\" data-id=\"8278a7d\" data-element_type=\"widget\" data-e-type=\"widget\" data-widget_type=\"html.default\">\n\t\t\t\t<div class=\"elementor-widget-container\">\n\t\t\t\t\t<a href=\"javascript:history.go(-1)\">Terug<\/a>\n\t\t\t\t<\/div>\n\t\t\t\t<\/div>\n\t\t\t\t\t<\/div>\n\t\t<\/div>\n\t\t\t\t\t<\/div>\n\t\t<\/section>\n\t\t\t\t<section class=\"elementor-section elementor-top-section elementor-element elementor-element-450ab0f elementor-section-boxed elementor-section-height-default elementor-section-height-default\" data-id=\"450ab0f\" data-element_type=\"section\" data-e-type=\"section\">\n\t\t\t\t\t\t<div class=\"elementor-container elementor-column-gap-default\">\n\t\t\t\t\t<div class=\"elementor-column elementor-col-100 elementor-top-column elementor-element elementor-element-9df4189\" data-id=\"9df4189\" data-element_type=\"column\" data-e-type=\"column\">\n\t\t\t<div class=\"elementor-widget-wrap elementor-element-populated\">\n\t\t\t\t\t\t<div class=\"elementor-element elementor-element-4c776f5 elementor-widget elementor-widget-spacer\" data-id=\"4c776f5\" data-element_type=\"widget\" data-e-type=\"widget\" data-widget_type=\"spacer.default\">\n\t\t\t\t<div class=\"elementor-widget-container\">\n\t\t\t\t\t\t\t<div class=\"elementor-spacer\">\n\t\t\t<div class=\"elementor-spacer-inner\"><\/div>\n\t\t<\/div>\n\t\t\t\t\t\t<\/div>\n\t\t\t\t<\/div>\n\t\t\t\t\t<\/div>\n\t\t<\/div>\n\t\t\t\t\t<\/div>\n\t\t<\/section>\n\t\t\t\t<\/div>\n\t\t","protected":false},"excerpt":{"rendered":"<p>Parcour VTT 7 mountainbikeroutes zijn bewegwijzerd en toegankelijk Circuit 1 &#8211; Les Cr\u00eates d&#8217;Inzemont (balisage jaune) : vertrek Place Binet Hasti\u00e8re-Lavaux &#8211; 10,3 km &#8211; d\u00e9niv.+ : 323m [sgpx gpx=&#8221;\/wp-content\/uploads\/gpx\/Circuit VTT1.gpx&#8221;] &nbsp; Circuit 2 &#8211; L&#8217;\u00eele aux oiseaux (balisage rouge) : vertrek aan de abdijkerk van Hasti\u00e8re-par-del\u00e0 &#8211; 22,4 km &#8211; d\u00e9niv.+ : 581m [sgpx [&hellip;]<\/p>\n","protected":false},"author":1,"featured_media":0,"parent":16963,"menu_order":3,"comment_status":"closed","ping_status":"closed","template":"redux-templates_full_width","meta":{"footnotes":""},"class_list":["post-16964","page","type-page","status-publish","hentry"],"_links":{"self":[{"href":"https:\/\/hastiere-tourisme.be\/nl\/wp-json\/wp\/v2\/pages\/16964","targetHints":{"allow":["GET"]}}],"collection":[{"href":"https:\/\/hastiere-tourisme.be\/nl\/wp-json\/wp\/v2\/pages"}],"about":[{"href":"https:\/\/hastiere-tourisme.be\/nl\/wp-json\/wp\/v2\/types\/page"}],"author":[{"embeddable":true,"href":"https:\/\/hastiere-tourisme.be\/nl\/wp-json\/wp\/v2\/users\/1"}],"replies":[{"embeddable":true,"href":"https:\/\/hastiere-tourisme.be\/nl\/wp-json\/wp\/v2\/comments?post=16964"}],"version-history":[{"count":0,"href":"https:\/\/hastiere-tourisme.be\/nl\/wp-json\/wp\/v2\/pages\/16964\/revisions"}],"up":[{"embeddable":true,"href":"https:\/\/hastiere-tourisme.be\/nl\/wp-json\/wp\/v2\/pages\/16963"}],"wp:attachment":[{"href":"https:\/\/hastiere-tourisme.be\/nl\/wp-json\/wp\/v2\/media?parent=16964"}],"curies":[{"name":"wp","href":"https:\/\/api.w.org\/{rel}","templated":true}]}}