{"id":16954,"date":"2023-07-12T11:27:21","date_gmt":"2023-07-12T09:27:21","guid":{"rendered":"https:\/\/hastiere-tourisme.be\/slapen\/groepsverblijven\/"},"modified":"2024-10-21T15:54:13","modified_gmt":"2024-10-21T13:54:13","slug":"groepsverblijven","status":"publish","type":"page","link":"https:\/\/hastiere-tourisme.be\/nl\/slapen\/groepsverblijven\/","title":{"rendered":"Groepsverblijven"},"content":{"rendered":"\t\t<div data-elementor-type=\"wp-page\" data-elementor-id=\"16954\" class=\"elementor elementor-16954 elementor-15581\">\n\t\t\t\t\t\t<section class=\"elementor-section elementor-top-section elementor-element elementor-element-2a99df6d elementor-section-height-min-height elementor-section-content-middle elementor-section-boxed elementor-section-height-default elementor-section-items-middle\" data-id=\"2a99df6d\" data-element_type=\"section\" data-e-type=\"section\" data-settings=\"{&quot;background_background&quot;:&quot;classic&quot;}\">\n\t\t\t\t\t\t<div class=\"elementor-container elementor-column-gap-default\">\n\t\t\t\t\t<div class=\"elementor-column elementor-col-100 elementor-top-column elementor-element elementor-element-742871cc\" data-id=\"742871cc\" data-element_type=\"column\" data-e-type=\"column\">\n\t\t\t<div class=\"elementor-widget-wrap elementor-element-populated\">\n\t\t\t\t\t\t<div class=\"elementor-element elementor-element-523fd6fa elementor-widget elementor-widget-heading\" data-id=\"523fd6fa\" data-element_type=\"widget\" data-e-type=\"widget\" data-widget_type=\"heading.default\">\n\t\t\t\t<div class=\"elementor-widget-container\">\n\t\t\t\t\t<h2 class=\"elementor-heading-title elementor-size-xxl\">Groepsverblijven<\/h2>\t\t\t\t<\/div>\n\t\t\t\t<\/div>\n\t\t\t\t\t<\/div>\n\t\t<\/div>\n\t\t\t\t\t<\/div>\n\t\t<\/section>\n\t\t\t\t<section class=\"elementor-section elementor-top-section elementor-element elementor-element-3d72f6b0 elementor-section-boxed elementor-section-height-default elementor-section-height-default\" data-id=\"3d72f6b0\" data-element_type=\"section\" data-e-type=\"section\">\n\t\t\t\t\t\t<div class=\"elementor-container elementor-column-gap-default\">\n\t\t\t\t\t<div class=\"elementor-column elementor-col-100 elementor-top-column elementor-element elementor-element-5a266da6\" data-id=\"5a266da6\" data-element_type=\"column\" data-e-type=\"column\">\n\t\t\t<div class=\"elementor-widget-wrap elementor-element-populated\">\n\t\t\t\t\t\t<div class=\"elementor-element elementor-element-56dc6f9d elementor-widget elementor-widget-spacer\" data-id=\"56dc6f9d\" data-element_type=\"widget\" data-e-type=\"widget\" data-widget_type=\"spacer.default\">\n\t\t\t\t<div class=\"elementor-widget-container\">\n\t\t\t\t\t\t\t<div class=\"elementor-spacer\">\n\t\t\t<div class=\"elementor-spacer-inner\"><\/div>\n\t\t<\/div>\n\t\t\t\t\t\t<\/div>\n\t\t\t\t<\/div>\n\t\t\t\t\t<\/div>\n\t\t<\/div>\n\t\t\t\t\t<\/div>\n\t\t<\/section>\n\t\t\t\t<section class=\"elementor-section elementor-top-section elementor-element elementor-element-2b00706 elementor-section-boxed elementor-section-height-default elementor-section-height-default\" data-id=\"2b00706\" data-element_type=\"section\" data-e-type=\"section\">\n\t\t\t\t\t\t<div class=\"elementor-container elementor-column-gap-default\">\n\t\t\t\t\t<div class=\"elementor-column elementor-col-33 elementor-top-column elementor-element elementor-element-d6db1f8\" data-id=\"d6db1f8\" data-element_type=\"column\" data-e-type=\"column\">\n\t\t\t<div class=\"elementor-widget-wrap elementor-element-populated\">\n\t\t\t\t\t\t<div class=\"elementor-element elementor-element-23b44b86 elementor-widget elementor-widget-text-editor\" data-id=\"23b44b86\" data-element_type=\"widget\" data-e-type=\"widget\" data-widget_type=\"text-editor.default\">\n\t\t\t\t<div class=\"elementor-widget-container\">\n\t\t\t\t\t\t\t\t\t<pre>Domaine de Massembre<\/pre>\n\t\t\t\t\t\t\t\t<\/div>\n\t\t\t\t<\/div>\n\t\t\t\t<div class=\"elementor-element elementor-element-3f613b5e elementor-widget elementor-widget-image\" data-id=\"3f613b5e\" data-element_type=\"widget\" data-e-type=\"widget\" data-widget_type=\"image.default\">\n\t\t\t\t<div class=\"elementor-widget-container\">\n\t\t\t\t\t\t\t\t\t\t\t\t\t\t\t<img decoding=\"async\" width=\"150\" height=\"150\" src=\"https:\/\/hastiere-tourisme.be\/wp-content\/uploads\/2023\/07\/unnamed-1-1-150x150.jpg\" class=\"attachment-thumbnail size-thumbnail wp-image-16910\" alt=\"\" srcset=\"https:\/\/hastiere-tourisme.be\/wp-content\/uploads\/2023\/07\/unnamed-1-1-150x150.jpg 150w, https:\/\/hastiere-tourisme.be\/wp-content\/uploads\/2023\/07\/unnamed-1-1-300x300.jpg 300w, https:\/\/hastiere-tourisme.be\/wp-content\/uploads\/2023\/07\/unnamed-1-1-500x500.jpg 500w, https:\/\/hastiere-tourisme.be\/wp-content\/uploads\/2023\/07\/unnamed-1-1-450x450.jpg 450w, https:\/\/hastiere-tourisme.be\/wp-content\/uploads\/2023\/07\/unnamed-1-1-106x106.jpg 106w, https:\/\/hastiere-tourisme.be\/wp-content\/uploads\/2023\/07\/unnamed-1-1-560x560.jpg 560w, https:\/\/hastiere-tourisme.be\/wp-content\/uploads\/2023\/07\/unnamed-1-1-70x70.jpg 70w\" sizes=\"(max-width: 150px) 100vw, 150px\" \/>\t\t\t\t\t\t\t\t\t\t\t\t\t\t\t<\/div>\n\t\t\t\t<\/div>\n\t\t\t\t<div class=\"elementor-element elementor-element-2f473d5d elementor-align-center elementor-widget elementor-widget-button\" data-id=\"2f473d5d\" data-element_type=\"widget\" data-e-type=\"widget\" data-widget_type=\"button.default\">\n\t\t\t\t<div class=\"elementor-widget-container\">\n\t\t\t\t\t\t\t\t\t<div class=\"elementor-button-wrapper\">\n\t\t\t\t\t<a class=\"elementor-button elementor-button-link elementor-size-sm\" href=\"http:\/\/www.massembre.be\/\" target=\"_blank\">\n\t\t\t\t\t\t<span class=\"elementor-button-content-wrapper\">\n\t\t\t\t\t\t\t\t\t<span class=\"elementor-button-text\">Klik hier<\/span>\n\t\t\t\t\t<\/span>\n\t\t\t\t\t<\/a>\n\t\t\t\t<\/div>\n\t\t\t\t\t\t\t\t<\/div>\n\t\t\t\t<\/div>\n\t\t\t\t\t<\/div>\n\t\t<\/div>\n\t\t\t\t<div class=\"elementor-column elementor-col-33 elementor-top-column elementor-element elementor-element-03ea625\" data-id=\"03ea625\" data-element_type=\"column\" data-e-type=\"column\">\n\t\t\t<div class=\"elementor-widget-wrap elementor-element-populated\">\n\t\t\t\t\t\t<div class=\"elementor-element elementor-element-1a45df97 elementor-widget elementor-widget-text-editor\" data-id=\"1a45df97\" data-element_type=\"widget\" data-e-type=\"widget\" data-widget_type=\"text-editor.default\">\n\t\t\t\t<div class=\"elementor-widget-container\">\n\t\t\t\t\t\t\t\t\t<pre>G\u00eetes d'\u00e9tape Kal\u00e9o<\/pre>\n\t\t\t\t\t\t\t\t<\/div>\n\t\t\t\t<\/div>\n\t\t\t\t<div class=\"elementor-element elementor-element-3a7b1ca elementor-widget elementor-widget-image\" data-id=\"3a7b1ca\" data-element_type=\"widget\" data-e-type=\"widget\" data-widget_type=\"image.default\">\n\t\t\t\t<div class=\"elementor-widget-container\">\n\t\t\t\t\t\t\t\t\t\t\t\t\t\t\t<img decoding=\"async\" width=\"150\" height=\"150\" src=\"https:\/\/hastiere-tourisme.be\/wp-content\/uploads\/2023\/07\/GITESDETAPE_HASTIERE_1-1024x758-2-150x150.jpg\" class=\"attachment-thumbnail size-thumbnail wp-image-16908\" alt=\"\" srcset=\"https:\/\/hastiere-tourisme.be\/wp-content\/uploads\/2023\/07\/GITESDETAPE_HASTIERE_1-1024x758-2-150x150.jpg 150w, https:\/\/hastiere-tourisme.be\/wp-content\/uploads\/2023\/07\/GITESDETAPE_HASTIERE_1-1024x758-2-300x300.jpg 300w, https:\/\/hastiere-tourisme.be\/wp-content\/uploads\/2023\/07\/GITESDETAPE_HASTIERE_1-1024x758-2-500x500.jpg 500w, https:\/\/hastiere-tourisme.be\/wp-content\/uploads\/2023\/07\/GITESDETAPE_HASTIERE_1-1024x758-2-450x450.jpg 450w, https:\/\/hastiere-tourisme.be\/wp-content\/uploads\/2023\/07\/GITESDETAPE_HASTIERE_1-1024x758-2-106x106.jpg 106w, https:\/\/hastiere-tourisme.be\/wp-content\/uploads\/2023\/07\/GITESDETAPE_HASTIERE_1-1024x758-2-560x560.jpg 560w, https:\/\/hastiere-tourisme.be\/wp-content\/uploads\/2023\/07\/GITESDETAPE_HASTIERE_1-1024x758-2-70x70.jpg 70w\" sizes=\"(max-width: 150px) 100vw, 150px\" \/>\t\t\t\t\t\t\t\t\t\t\t\t\t\t\t<\/div>\n\t\t\t\t<\/div>\n\t\t\t\t<div class=\"elementor-element elementor-element-997bb50 elementor-align-center elementor-widget elementor-widget-button\" data-id=\"997bb50\" data-element_type=\"widget\" data-e-type=\"widget\" data-widget_type=\"button.default\">\n\t\t\t\t<div class=\"elementor-widget-container\">\n\t\t\t\t\t\t\t\t\t<div class=\"elementor-button-wrapper\">\n\t\t\t\t\t<a class=\"elementor-button elementor-button-link elementor-size-sm\" href=\"http:\/\/www.gitesdetape.be\/fr\/gites\/hastiere\/\" target=\"_blank\">\n\t\t\t\t\t\t<span class=\"elementor-button-content-wrapper\">\n\t\t\t\t\t\t\t\t\t<span class=\"elementor-button-text\">Klik hier<\/span>\n\t\t\t\t\t<\/span>\n\t\t\t\t\t<\/a>\n\t\t\t\t<\/div>\n\t\t\t\t\t\t\t\t<\/div>\n\t\t\t\t<\/div>\n\t\t\t\t\t<\/div>\n\t\t<\/div>\n\t\t\t\t<div class=\"elementor-column elementor-col-33 elementor-top-column elementor-element elementor-element-7fc5726\" data-id=\"7fc5726\" data-element_type=\"column\" data-e-type=\"column\">\n\t\t\t<div class=\"elementor-widget-wrap elementor-element-populated\">\n\t\t\t\t\t\t<div class=\"elementor-element elementor-element-b5a853e elementor-widget elementor-widget-text-editor\" data-id=\"b5a853e\" data-element_type=\"widget\" data-e-type=\"widget\" data-widget_type=\"text-editor.default\">\n\t\t\t\t<div class=\"elementor-widget-container\">\n\t\t\t\t\t\t\t\t\t<pre>La Maison Blanche<\/pre>\n\t\t\t\t\t\t\t\t<\/div>\n\t\t\t\t<\/div>\n\t\t\t\t<div class=\"elementor-element elementor-element-3a11fd28 elementor-widget elementor-widget-image\" data-id=\"3a11fd28\" data-element_type=\"widget\" data-e-type=\"widget\" data-widget_type=\"image.default\">\n\t\t\t\t<div class=\"elementor-widget-container\">\n\t\t\t\t\t\t\t\t\t\t\t\t\t\t\t<img decoding=\"async\" width=\"150\" height=\"150\" src=\"https:\/\/hastiere-tourisme.be\/wp-content\/uploads\/2023\/07\/maison-blanche-sorbiers-150x150.jpg\" class=\"attachment-thumbnail size-thumbnail wp-image-16890\" alt=\"\" srcset=\"https:\/\/hastiere-tourisme.be\/wp-content\/uploads\/2023\/07\/maison-blanche-sorbiers-150x150.jpg 150w, https:\/\/hastiere-tourisme.be\/wp-content\/uploads\/2023\/07\/maison-blanche-sorbiers-300x300.jpg 300w, https:\/\/hastiere-tourisme.be\/wp-content\/uploads\/2023\/07\/maison-blanche-sorbiers-500x500.jpg 500w, https:\/\/hastiere-tourisme.be\/wp-content\/uploads\/2023\/07\/maison-blanche-sorbiers-450x450.jpg 450w, https:\/\/hastiere-tourisme.be\/wp-content\/uploads\/2023\/07\/maison-blanche-sorbiers-106x106.jpg 106w, https:\/\/hastiere-tourisme.be\/wp-content\/uploads\/2023\/07\/maison-blanche-sorbiers-70x70.jpg 70w\" sizes=\"(max-width: 150px) 100vw, 150px\" \/>\t\t\t\t\t\t\t\t\t\t\t\t\t\t\t<\/div>\n\t\t\t\t<\/div>\n\t\t\t\t<div class=\"elementor-element elementor-element-727f7930 elementor-align-center elementor-widget elementor-widget-button\" data-id=\"727f7930\" data-element_type=\"widget\" data-e-type=\"widget\" data-widget_type=\"button.default\">\n\t\t\t\t<div class=\"elementor-widget-container\">\n\t\t\t\t\t\t\t\t\t<div class=\"elementor-button-wrapper\">\n\t\t\t\t\t<a class=\"elementor-button elementor-button-link elementor-size-sm\" href=\"https:\/\/gite-maisonblanche.com\/\" target=\"_blank\">\n\t\t\t\t\t\t<span class=\"elementor-button-content-wrapper\">\n\t\t\t\t\t\t\t\t\t<span class=\"elementor-button-text\">Klik hier<\/span>\n\t\t\t\t\t<\/span>\n\t\t\t\t\t<\/a>\n\t\t\t\t<\/div>\n\t\t\t\t\t\t\t\t<\/div>\n\t\t\t\t<\/div>\n\t\t\t\t\t<\/div>\n\t\t<\/div>\n\t\t\t\t\t<\/div>\n\t\t<\/section>\n\t\t\t\t<section class=\"elementor-section elementor-top-section elementor-element elementor-element-61b4a8ef elementor-section-boxed elementor-section-height-default elementor-section-height-default\" data-id=\"61b4a8ef\" data-element_type=\"section\" data-e-type=\"section\">\n\t\t\t\t\t\t<div class=\"elementor-container elementor-column-gap-default\">\n\t\t\t\t\t<div class=\"elementor-column elementor-col-100 elementor-top-column elementor-element elementor-element-685fd67\" data-id=\"685fd67\" data-element_type=\"column\" data-e-type=\"column\">\n\t\t\t<div class=\"elementor-widget-wrap elementor-element-populated\">\n\t\t\t\t\t\t<div class=\"elementor-element elementor-element-3518a81e elementor-widget elementor-widget-spacer\" data-id=\"3518a81e\" data-element_type=\"widget\" data-e-type=\"widget\" data-widget_type=\"spacer.default\">\n\t\t\t\t<div class=\"elementor-widget-container\">\n\t\t\t\t\t\t\t<div class=\"elementor-spacer\">\n\t\t\t<div class=\"elementor-spacer-inner\"><\/div>\n\t\t<\/div>\n\t\t\t\t\t\t<\/div>\n\t\t\t\t<\/div>\n\t\t\t\t\t<\/div>\n\t\t<\/div>\n\t\t\t\t\t<\/div>\n\t\t<\/section>\n\t\t\t\t<\/div>\n\t\t","protected":false},"excerpt":{"rendered":"<p>Groepsverblijven Domaine de Massembre Klik hier G\u00eetes d&#8217;\u00e9tape Kal\u00e9o Klik hier La Maison Blanche Klik hier<\/p>\n","protected":false},"author":1,"featured_media":0,"parent":16947,"menu_order":2,"comment_status":"closed","ping_status":"closed","template":"redux-templates_full_width","meta":{"footnotes":""},"class_list":["post-16954","page","type-page","status-publish","hentry"],"_links":{"self":[{"href":"https:\/\/hastiere-tourisme.be\/nl\/wp-json\/wp\/v2\/pages\/16954","targetHints":{"allow":["GET"]}}],"collection":[{"href":"https:\/\/hastiere-tourisme.be\/nl\/wp-json\/wp\/v2\/pages"}],"about":[{"href":"https:\/\/hastiere-tourisme.be\/nl\/wp-json\/wp\/v2\/types\/page"}],"author":[{"embeddable":true,"href":"https:\/\/hastiere-tourisme.be\/nl\/wp-json\/wp\/v2\/users\/1"}],"replies":[{"embeddable":true,"href":"https:\/\/hastiere-tourisme.be\/nl\/wp-json\/wp\/v2\/comments?post=16954"}],"version-history":[{"count":0,"href":"https:\/\/hastiere-tourisme.be\/nl\/wp-json\/wp\/v2\/pages\/16954\/revisions"}],"up":[{"embeddable":true,"href":"https:\/\/hastiere-tourisme.be\/nl\/wp-json\/wp\/v2\/pages\/16947"}],"wp:attachment":[{"href":"https:\/\/hastiere-tourisme.be\/nl\/wp-json\/wp\/v2\/media?parent=16954"}],"curies":[{"name":"wp","href":"https:\/\/api.w.org\/{rel}","templated":true}]}}