{"id":17614,"date":"2023-05-15T21:21:24","date_gmt":"2023-05-15T19:21:24","guid":{"rendered":"https:\/\/hastiere-tourisme.be\/visit\/house-of-heritage\/"},"modified":"2026-04-07T11:49:58","modified_gmt":"2026-04-07T09:49:58","slug":"house-of-heritage","status":"publish","type":"page","link":"https:\/\/hastiere-tourisme.be\/en\/visit\/house-of-heritage\/","title":{"rendered":"House of Heritage"},"content":{"rendered":"\t\t<div data-elementor-type=\"wp-page\" data-elementor-id=\"17614\" class=\"elementor elementor-17614 elementor-13940\">\n\t\t\t\t\t\t<section class=\"elementor-section elementor-top-section elementor-element elementor-element-5b949baa elementor-section-height-min-height elementor-section-content-middle elementor-section-boxed elementor-section-height-default elementor-section-items-middle\" data-id=\"5b949baa\" data-element_type=\"section\" data-e-type=\"section\" data-settings=\"{&quot;background_background&quot;:&quot;classic&quot;}\">\n\t\t\t\t\t\t<div class=\"elementor-container elementor-column-gap-default\">\n\t\t\t\t\t<div class=\"elementor-column elementor-col-100 elementor-top-column elementor-element elementor-element-ed1bcc3\" data-id=\"ed1bcc3\" data-element_type=\"column\" data-e-type=\"column\">\n\t\t\t<div class=\"elementor-widget-wrap elementor-element-populated\">\n\t\t\t\t\t\t<div class=\"elementor-element elementor-element-6736ed46 elementor-widget elementor-widget-heading\" data-id=\"6736ed46\" data-element_type=\"widget\" data-e-type=\"widget\" data-widget_type=\"heading.default\">\n\t\t\t\t<div class=\"elementor-widget-container\">\n\t\t\t\t\t<h2 class=\"elementor-heading-title elementor-size-xxl\">The House of Heritage<\/h2>\t\t\t\t<\/div>\n\t\t\t\t<\/div>\n\t\t\t\t\t<\/div>\n\t\t<\/div>\n\t\t\t\t\t<\/div>\n\t\t<\/section>\n\t\t\t\t<section class=\"elementor-section elementor-top-section elementor-element elementor-element-1a7eb59c elementor-section-boxed elementor-section-height-default elementor-section-height-default\" data-id=\"1a7eb59c\" data-element_type=\"section\" data-e-type=\"section\">\n\t\t\t\t\t\t<div class=\"elementor-container elementor-column-gap-default\">\n\t\t\t\t\t<div class=\"elementor-column elementor-col-100 elementor-top-column elementor-element elementor-element-2de94ee3\" data-id=\"2de94ee3\" data-element_type=\"column\" data-e-type=\"column\">\n\t\t\t<div class=\"elementor-widget-wrap elementor-element-populated\">\n\t\t\t\t\t\t<div class=\"elementor-element elementor-element-3171671c elementor-widget elementor-widget-spacer\" data-id=\"3171671c\" data-element_type=\"widget\" data-e-type=\"widget\" data-widget_type=\"spacer.default\">\n\t\t\t\t<div class=\"elementor-widget-container\">\n\t\t\t\t\t\t\t<div class=\"elementor-spacer\">\n\t\t\t<div class=\"elementor-spacer-inner\"><\/div>\n\t\t<\/div>\n\t\t\t\t\t\t<\/div>\n\t\t\t\t<\/div>\n\t\t\t\t\t<\/div>\n\t\t<\/div>\n\t\t\t\t\t<\/div>\n\t\t<\/section>\n\t\t\t\t<section class=\"elementor-section elementor-top-section elementor-element elementor-element-464ba152 elementor-section-boxed elementor-section-height-default elementor-section-height-default\" data-id=\"464ba152\" data-element_type=\"section\" data-e-type=\"section\">\n\t\t\t\t\t\t<div class=\"elementor-container elementor-column-gap-default\">\n\t\t\t\t\t<div class=\"elementor-column elementor-col-33 elementor-top-column elementor-element elementor-element-478a3a23\" data-id=\"478a3a23\" data-element_type=\"column\" data-e-type=\"column\">\n\t\t\t<div class=\"elementor-widget-wrap elementor-element-populated\">\n\t\t\t\t\t\t<div class=\"elementor-element elementor-element-294c349 elementor-widget elementor-widget-image\" data-id=\"294c349\" data-element_type=\"widget\" data-e-type=\"widget\" data-widget_type=\"image.default\">\n\t\t\t\t<div class=\"elementor-widget-container\">\n\t\t\t\t\t\t\t\t\t\t\t\t\t\t\t<img fetchpriority=\"high\" decoding=\"async\" width=\"800\" height=\"600\" src=\"https:\/\/hastiere-tourisme.be\/wp-content\/uploads\/2023\/04\/maison-du-patrimoine.jpg\" class=\"attachment-large size-large wp-image-13571\" alt=\"\" srcset=\"https:\/\/hastiere-tourisme.be\/wp-content\/uploads\/2023\/04\/maison-du-patrimoine.jpg 800w, https:\/\/hastiere-tourisme.be\/wp-content\/uploads\/2023\/04\/maison-du-patrimoine-300x225.jpg 300w, https:\/\/hastiere-tourisme.be\/wp-content\/uploads\/2023\/04\/maison-du-patrimoine-768x576.jpg 768w\" sizes=\"(max-width: 800px) 100vw, 800px\" \/>\t\t\t\t\t\t\t\t\t\t\t\t\t\t\t<\/div>\n\t\t\t\t<\/div>\n\t\t\t\t\t<\/div>\n\t\t<\/div>\n\t\t\t\t<div class=\"elementor-column elementor-col-66 elementor-top-column elementor-element elementor-element-5edc7502\" data-id=\"5edc7502\" data-element_type=\"column\" data-e-type=\"column\">\n\t\t\t<div class=\"elementor-widget-wrap elementor-element-populated\">\n\t\t\t\t\t\t<div class=\"elementor-element elementor-element-6e0f8abe elementor-widget elementor-widget-text-editor\" data-id=\"6e0f8abe\" data-element_type=\"widget\" data-e-type=\"widget\" data-widget_type=\"text-editor.default\">\n\t\t\t\t<div class=\"elementor-widget-container\">\n\t\t\t\t\t\t\t\t\t<p>A visit to this &#8220;workshop of local memory&#8221; reveals some thirty trades represented by a multitude of tools and objects, mainly from the 19th and 20th centuries. All these antique pieces bear witness to an ingenious but also painstaking past. They were created by men and women, using their hands, their intelligence and their know-how.<\/p><p>At the Mus\u00e9e d&#8217;Hasti\u00e8re, the working techniques and tools of the past are presented in several categories of thematic collections:<\/p><p>&#8211; rural life: stonemasons, bricklayers, blacksmiths, tinsmiths, slate quarrymen, woodcutters, joiners, wheelwrights, plumbers, shoemakers, clog makers, bakers, butchers, cooks, beekeepers, farmers, etc.<\/p><p>&#8211; life on the river: barge stevedores, fishermen, lock-keepers and manual dam operators at Hasti\u00e8re and Waulsort, etc.<\/p><p>&#8211; Industrial life: a look back at local industries such as C\u00e9ramanova in Waulsort and the Fabrique des Crayons Gilbert in Hasti\u00e8re, as well as the old spinning mill, the &#8220;L&#8217;Abeille&#8221; brewery, the &#8220;Sambre et Dyle&#8221; sand processing plant in Hasti\u00e8re-Lavaux, etc.<\/p><p>A visit to the Hasti\u00e8rois Museum is a truly enriching experience for everyone, from the elderly, who rediscover traces of their childhood, to the young, who discover the ingenuity and hard work of their ancestors.<\/p><p>Information and guided tours of the \u00ab Maison du Patrimoine d\u2019Hasti\u00e8re \u00bb :<br>Jonathan Porignaux &#8211; rue Marcel Lespagne 70 \u00e0 5540 Hasti\u00e8re-Lavaux. T\u00e9l : +32 474 42 39 99<\/p><p><a href=\"http:\/\/www.patrimoinehastiere.be\">www.patrimoinehastiere.be<\/a> \u2013 <a href=\"mailto:musee.hastiere@live.be\">musee.hastiere@live.<\/a><\/p>\t\t\t\t\t\t\t\t<\/div>\n\t\t\t\t<\/div>\n\t\t\t\t<div class=\"elementor-element elementor-element-64757ac7 elementor-widget elementor-widget-html\" data-id=\"64757ac7\" data-element_type=\"widget\" data-e-type=\"widget\" data-widget_type=\"html.default\">\n\t\t\t\t<div class=\"elementor-widget-container\">\n\t\t\t\t\t<a href=\"javascript:history.go(-1)\">Back<\/a>\r\n\r\n\t\t\t\t<\/div>\n\t\t\t\t<\/div>\n\t\t\t\t\t<\/div>\n\t\t<\/div>\n\t\t\t\t\t<\/div>\n\t\t<\/section>\n\t\t\t\t<section class=\"elementor-section elementor-top-section elementor-element elementor-element-1e0b84a elementor-section-boxed elementor-section-height-default elementor-section-height-default\" data-id=\"1e0b84a\" data-element_type=\"section\" data-e-type=\"section\">\n\t\t\t\t\t\t<div class=\"elementor-container elementor-column-gap-default\">\n\t\t\t\t\t<div class=\"elementor-column elementor-col-100 elementor-top-column elementor-element elementor-element-f38cb92\" data-id=\"f38cb92\" data-element_type=\"column\" data-e-type=\"column\">\n\t\t\t<div class=\"elementor-widget-wrap elementor-element-populated\">\n\t\t\t\t\t\t<div class=\"elementor-element elementor-element-6234691 elementor-widget elementor-widget-spacer\" data-id=\"6234691\" data-element_type=\"widget\" data-e-type=\"widget\" data-widget_type=\"spacer.default\">\n\t\t\t\t<div class=\"elementor-widget-container\">\n\t\t\t\t\t\t\t<div class=\"elementor-spacer\">\n\t\t\t<div class=\"elementor-spacer-inner\"><\/div>\n\t\t<\/div>\n\t\t\t\t\t\t<\/div>\n\t\t\t\t<\/div>\n\t\t\t\t\t<\/div>\n\t\t<\/div>\n\t\t\t\t\t<\/div>\n\t\t<\/section>\n\t\t\t\t<\/div>\n\t\t","protected":false},"excerpt":{"rendered":"<p>The House of Heritage A visit to this &#8220;workshop of local memory&#8221; reveals some thirty trades represented by a multitude of tools and objects, mainly from the 19th and 20th centuries. All these antique pieces bear witness to an ingenious but also painstaking past. They were created by men and women, using their hands, their [&hellip;]<\/p>\n","protected":false},"author":1,"featured_media":0,"parent":17598,"menu_order":2,"comment_status":"closed","ping_status":"closed","template":"redux-templates_full_width","meta":{"footnotes":""},"class_list":["post-17614","page","type-page","status-publish","hentry"],"_links":{"self":[{"href":"https:\/\/hastiere-tourisme.be\/en\/wp-json\/wp\/v2\/pages\/17614","targetHints":{"allow":["GET"]}}],"collection":[{"href":"https:\/\/hastiere-tourisme.be\/en\/wp-json\/wp\/v2\/pages"}],"about":[{"href":"https:\/\/hastiere-tourisme.be\/en\/wp-json\/wp\/v2\/types\/page"}],"author":[{"embeddable":true,"href":"https:\/\/hastiere-tourisme.be\/en\/wp-json\/wp\/v2\/users\/1"}],"replies":[{"embeddable":true,"href":"https:\/\/hastiere-tourisme.be\/en\/wp-json\/wp\/v2\/comments?post=17614"}],"version-history":[{"count":5,"href":"https:\/\/hastiere-tourisme.be\/en\/wp-json\/wp\/v2\/pages\/17614\/revisions"}],"predecessor-version":[{"id":56849,"href":"https:\/\/hastiere-tourisme.be\/en\/wp-json\/wp\/v2\/pages\/17614\/revisions\/56849"}],"up":[{"embeddable":true,"href":"https:\/\/hastiere-tourisme.be\/en\/wp-json\/wp\/v2\/pages\/17598"}],"wp:attachment":[{"href":"https:\/\/hastiere-tourisme.be\/en\/wp-json\/wp\/v2\/media?parent=17614"}],"curies":[{"name":"wp","href":"https:\/\/api.w.org\/{rel}","templated":true}]}}