{"id":17606,"date":"2023-05-15T21:22:22","date_gmt":"2023-05-15T19:22:22","guid":{"rendered":"https:\/\/hastiere-tourisme.be\/visit\/the-meuse-valley\/"},"modified":"2023-10-26T14:16:55","modified_gmt":"2023-10-26T12:16:55","slug":"the-meuse-valley","status":"publish","type":"page","link":"https:\/\/hastiere-tourisme.be\/en\/visit\/the-meuse-valley\/","title":{"rendered":"The Meuse Valley"},"content":{"rendered":"\t\t<div data-elementor-type=\"wp-page\" data-elementor-id=\"17606\" class=\"elementor elementor-17606 elementor-13942\">\n\t\t\t\t\t\t<section class=\"elementor-section elementor-top-section elementor-element elementor-element-96b58e4 elementor-section-height-min-height elementor-section-content-middle elementor-section-boxed elementor-section-height-default elementor-section-items-middle\" data-id=\"96b58e4\" data-element_type=\"section\" data-e-type=\"section\" data-settings=\"{&quot;background_background&quot;:&quot;classic&quot;}\">\n\t\t\t\t\t\t<div class=\"elementor-container elementor-column-gap-default\">\n\t\t\t\t\t<div class=\"elementor-column elementor-col-100 elementor-top-column elementor-element elementor-element-711ef7cb\" data-id=\"711ef7cb\" data-element_type=\"column\" data-e-type=\"column\">\n\t\t\t<div class=\"elementor-widget-wrap elementor-element-populated\">\n\t\t\t\t\t\t<div class=\"elementor-element elementor-element-7c79569b elementor-widget elementor-widget-heading\" data-id=\"7c79569b\" data-element_type=\"widget\" data-e-type=\"widget\" data-widget_type=\"heading.default\">\n\t\t\t\t<div class=\"elementor-widget-container\">\n\t\t\t\t\t<h2 class=\"elementor-heading-title elementor-size-xxl\">The Meuse Valley<\/h2>\t\t\t\t<\/div>\n\t\t\t\t<\/div>\n\t\t\t\t\t<\/div>\n\t\t<\/div>\n\t\t\t\t\t<\/div>\n\t\t<\/section>\n\t\t\t\t<section class=\"elementor-section elementor-top-section elementor-element elementor-element-3214b935 elementor-section-boxed elementor-section-height-default elementor-section-height-default\" data-id=\"3214b935\" data-element_type=\"section\" data-e-type=\"section\">\n\t\t\t\t\t\t<div class=\"elementor-container elementor-column-gap-default\">\n\t\t\t\t\t<div class=\"elementor-column elementor-col-100 elementor-top-column elementor-element elementor-element-679c4f99\" data-id=\"679c4f99\" data-element_type=\"column\" data-e-type=\"column\">\n\t\t\t<div class=\"elementor-widget-wrap elementor-element-populated\">\n\t\t\t\t\t\t<div class=\"elementor-element elementor-element-40b99dc4 elementor-widget elementor-widget-spacer\" data-id=\"40b99dc4\" data-element_type=\"widget\" data-e-type=\"widget\" data-widget_type=\"spacer.default\">\n\t\t\t\t<div class=\"elementor-widget-container\">\n\t\t\t\t\t\t\t<div class=\"elementor-spacer\">\n\t\t\t<div class=\"elementor-spacer-inner\"><\/div>\n\t\t<\/div>\n\t\t\t\t\t\t<\/div>\n\t\t\t\t<\/div>\n\t\t\t\t\t<\/div>\n\t\t<\/div>\n\t\t\t\t\t<\/div>\n\t\t<\/section>\n\t\t\t\t<section class=\"elementor-section elementor-top-section elementor-element elementor-element-62944ef elementor-section-boxed elementor-section-height-default elementor-section-height-default\" data-id=\"62944ef\" data-element_type=\"section\" data-e-type=\"section\">\n\t\t\t\t\t\t<div class=\"elementor-container elementor-column-gap-default\">\n\t\t\t\t\t<div class=\"elementor-column elementor-col-33 elementor-top-column elementor-element elementor-element-15c0dbba\" data-id=\"15c0dbba\" data-element_type=\"column\" data-e-type=\"column\">\n\t\t\t<div class=\"elementor-widget-wrap elementor-element-populated\">\n\t\t\t\t\t\t<div class=\"elementor-element elementor-element-2ba924d0 elementor-widget elementor-widget-image\" data-id=\"2ba924d0\" data-element_type=\"widget\" data-e-type=\"widget\" data-widget_type=\"image.default\">\n\t\t\t\t<div class=\"elementor-widget-container\">\n\t\t\t\t\t\t\t\t\t\t\t\t\t\t\t<img fetchpriority=\"high\" decoding=\"async\" width=\"800\" height=\"600\" src=\"https:\/\/hastiere-tourisme.be\/wp-content\/uploads\/2023\/05\/Vallee-de-Meuse.jpg\" class=\"attachment-large size-large wp-image-14063\" alt=\"\" srcset=\"https:\/\/hastiere-tourisme.be\/wp-content\/uploads\/2023\/05\/Vallee-de-Meuse.jpg 800w, https:\/\/hastiere-tourisme.be\/wp-content\/uploads\/2023\/05\/Vallee-de-Meuse-300x225.jpg 300w, https:\/\/hastiere-tourisme.be\/wp-content\/uploads\/2023\/05\/Vallee-de-Meuse-768x576.jpg 768w\" sizes=\"(max-width: 800px) 100vw, 800px\" \/>\t\t\t\t\t\t\t\t\t\t\t\t\t\t\t<\/div>\n\t\t\t\t<\/div>\n\t\t\t\t\t<\/div>\n\t\t<\/div>\n\t\t\t\t<div class=\"elementor-column elementor-col-66 elementor-top-column elementor-element elementor-element-5c8383ed\" data-id=\"5c8383ed\" data-element_type=\"column\" data-e-type=\"column\">\n\t\t\t<div class=\"elementor-widget-wrap elementor-element-populated\">\n\t\t\t\t\t\t<div class=\"elementor-element elementor-element-3a624f4f elementor-widget elementor-widget-text-editor\" data-id=\"3a624f4f\" data-element_type=\"widget\" data-e-type=\"widget\" data-widget_type=\"text-editor.default\">\n\t\t\t\t<div class=\"elementor-widget-container\">\n\t\t\t\t\t\t\t\t\t<p>The Meuse valley&#8230; just for your eyes&#8230;<\/p>\n<p>Sublime, unique landscapes, extraordinary fauna and flora, and everywhere and always the evocation of a rich and sometimes sad historical past.<\/p>\n<p>In many places, the Meuse at Hasti\u00e8re offers a preserved face, unique on the Belgian course of the river, where visitors can still stroll in symbiosis with the watercourse, in a bucolic natural setting rich in plant and animal species, many of them protected.<\/p>\n<p>This natural setting is dotted with charming villages and two major cultural sites: the castle of Fre\u00ffr and the abbey church of Hasti\u00e8re-par-Del\u00e0.<\/p>\n<p>The valley also offers a wide range of sporting and leisure activities, in perfect harmony with its generous natural surroundings.<\/p>\n<p>The Meuse is natural and preserved, invigorating and historic, happy and delightful, young and beautiful, reflecting the serene image of the deep forests on its slopes. It&#8217;s a poem of calm waters flowing through a heroic and fascinating history.<\/p>\n\t\t\t\t\t\t\t\t<\/div>\n\t\t\t\t<\/div>\n\t\t\t\t<div class=\"elementor-element elementor-element-1783fdbd elementor-widget elementor-widget-html\" data-id=\"1783fdbd\" data-element_type=\"widget\" data-e-type=\"widget\" data-widget_type=\"html.default\">\n\t\t\t\t<div class=\"elementor-widget-container\">\n\t\t\t\t\t<a href=\"javascript:history.go(-1)\">Back<\/a>\n\n\t\t\t\t<\/div>\n\t\t\t\t<\/div>\n\t\t\t\t\t<\/div>\n\t\t<\/div>\n\t\t\t\t\t<\/div>\n\t\t<\/section>\n\t\t\t\t<section class=\"elementor-section elementor-top-section elementor-element elementor-element-00e8612 elementor-section-boxed elementor-section-height-default elementor-section-height-default\" data-id=\"00e8612\" data-element_type=\"section\" data-e-type=\"section\">\n\t\t\t\t\t\t<div class=\"elementor-container elementor-column-gap-default\">\n\t\t\t\t\t<div class=\"elementor-column elementor-col-100 elementor-top-column elementor-element elementor-element-0543faf\" data-id=\"0543faf\" data-element_type=\"column\" data-e-type=\"column\">\n\t\t\t<div class=\"elementor-widget-wrap elementor-element-populated\">\n\t\t\t\t\t\t<div class=\"elementor-element elementor-element-a781a94 elementor-widget elementor-widget-spacer\" data-id=\"a781a94\" data-element_type=\"widget\" data-e-type=\"widget\" data-widget_type=\"spacer.default\">\n\t\t\t\t<div class=\"elementor-widget-container\">\n\t\t\t\t\t\t\t<div class=\"elementor-spacer\">\n\t\t\t<div class=\"elementor-spacer-inner\"><\/div>\n\t\t<\/div>\n\t\t\t\t\t\t<\/div>\n\t\t\t\t<\/div>\n\t\t\t\t\t<\/div>\n\t\t<\/div>\n\t\t\t\t\t<\/div>\n\t\t<\/section>\n\t\t\t\t<\/div>\n\t\t","protected":false},"excerpt":{"rendered":"<p>The Meuse Valley The Meuse valley&#8230; just for your eyes&#8230; Sublime, unique landscapes, extraordinary fauna and flora, and everywhere and always the evocation of a rich and sometimes sad historical past. In many places, the Meuse at Hasti\u00e8re offers a preserved face, unique on the Belgian course of the river, where visitors can still stroll [&hellip;]<\/p>\n","protected":false},"author":1,"featured_media":0,"parent":17598,"menu_order":2,"comment_status":"closed","ping_status":"closed","template":"redux-templates_full_width","meta":{"footnotes":""},"class_list":["post-17606","page","type-page","status-publish","hentry"],"_links":{"self":[{"href":"https:\/\/hastiere-tourisme.be\/en\/wp-json\/wp\/v2\/pages\/17606","targetHints":{"allow":["GET"]}}],"collection":[{"href":"https:\/\/hastiere-tourisme.be\/en\/wp-json\/wp\/v2\/pages"}],"about":[{"href":"https:\/\/hastiere-tourisme.be\/en\/wp-json\/wp\/v2\/types\/page"}],"author":[{"embeddable":true,"href":"https:\/\/hastiere-tourisme.be\/en\/wp-json\/wp\/v2\/users\/1"}],"replies":[{"embeddable":true,"href":"https:\/\/hastiere-tourisme.be\/en\/wp-json\/wp\/v2\/comments?post=17606"}],"version-history":[{"count":0,"href":"https:\/\/hastiere-tourisme.be\/en\/wp-json\/wp\/v2\/pages\/17606\/revisions"}],"up":[{"embeddable":true,"href":"https:\/\/hastiere-tourisme.be\/en\/wp-json\/wp\/v2\/pages\/17598"}],"wp:attachment":[{"href":"https:\/\/hastiere-tourisme.be\/en\/wp-json\/wp\/v2\/media?parent=17606"}],"curies":[{"name":"wp","href":"https:\/\/api.w.org\/{rel}","templated":true}]}}