{"id":17600,"date":"2023-07-03T16:12:59","date_gmt":"2023-07-03T14:12:59","guid":{"rendered":"https:\/\/hastiere-tourisme.be\/visit\/freyr-castle\/"},"modified":"2026-04-07T11:40:17","modified_gmt":"2026-04-07T09:40:17","slug":"freyr-castle","status":"publish","type":"page","link":"https:\/\/hastiere-tourisme.be\/en\/visit\/freyr-castle\/","title":{"rendered":"Fre\u00ffr Castle"},"content":{"rendered":"\t\t<div data-elementor-type=\"wp-page\" data-elementor-id=\"17600\" class=\"elementor elementor-17600 elementor-14637\">\n\t\t\t\t\t\t<section class=\"elementor-section elementor-top-section elementor-element elementor-element-806aff3 elementor-section-height-min-height elementor-section-content-middle elementor-section-boxed elementor-section-height-default elementor-section-items-middle\" data-id=\"806aff3\" data-element_type=\"section\" data-e-type=\"section\" data-settings=\"{&quot;background_background&quot;:&quot;classic&quot;}\">\n\t\t\t\t\t\t<div class=\"elementor-container elementor-column-gap-default\">\n\t\t\t\t\t<div class=\"elementor-column elementor-col-100 elementor-top-column elementor-element elementor-element-209d2167\" data-id=\"209d2167\" data-element_type=\"column\" data-e-type=\"column\">\n\t\t\t<div class=\"elementor-widget-wrap elementor-element-populated\">\n\t\t\t\t\t\t<div class=\"elementor-element elementor-element-44c4a4b9 elementor-widget elementor-widget-heading\" data-id=\"44c4a4b9\" data-element_type=\"widget\" data-e-type=\"widget\" data-widget_type=\"heading.default\">\n\t\t\t\t<div class=\"elementor-widget-container\">\n\t\t\t\t\t<h2 class=\"elementor-heading-title elementor-size-xxl\">The Fre\u00ffr Castle<\/h2>\t\t\t\t<\/div>\n\t\t\t\t<\/div>\n\t\t\t\t\t<\/div>\n\t\t<\/div>\n\t\t\t\t\t<\/div>\n\t\t<\/section>\n\t\t\t\t<section class=\"elementor-section elementor-top-section elementor-element elementor-element-51abee0 elementor-section-boxed elementor-section-height-default elementor-section-height-default\" data-id=\"51abee0\" data-element_type=\"section\" data-e-type=\"section\">\n\t\t\t\t\t\t<div class=\"elementor-container elementor-column-gap-default\">\n\t\t\t\t\t<div class=\"elementor-column elementor-col-100 elementor-top-column elementor-element elementor-element-8f06036\" data-id=\"8f06036\" data-element_type=\"column\" data-e-type=\"column\">\n\t\t\t<div class=\"elementor-widget-wrap elementor-element-populated\">\n\t\t\t\t\t\t<div class=\"elementor-element elementor-element-c71290f elementor-widget elementor-widget-spacer\" data-id=\"c71290f\" data-element_type=\"widget\" data-e-type=\"widget\" data-widget_type=\"spacer.default\">\n\t\t\t\t<div class=\"elementor-widget-container\">\n\t\t\t\t\t\t\t<div class=\"elementor-spacer\">\n\t\t\t<div class=\"elementor-spacer-inner\"><\/div>\n\t\t<\/div>\n\t\t\t\t\t\t<\/div>\n\t\t\t\t<\/div>\n\t\t\t\t\t<\/div>\n\t\t<\/div>\n\t\t\t\t\t<\/div>\n\t\t<\/section>\n\t\t\t\t<section class=\"elementor-section elementor-top-section elementor-element elementor-element-9d334b0 elementor-section-boxed elementor-section-height-default elementor-section-height-default\" data-id=\"9d334b0\" data-element_type=\"section\" data-e-type=\"section\">\n\t\t\t\t\t\t<div class=\"elementor-container elementor-column-gap-default\">\n\t\t\t\t\t<div class=\"elementor-column elementor-col-33 elementor-top-column elementor-element elementor-element-1eb3222\" data-id=\"1eb3222\" data-element_type=\"column\" data-e-type=\"column\">\n\t\t\t<div class=\"elementor-widget-wrap elementor-element-populated\">\n\t\t\t\t\t\t<div class=\"elementor-element elementor-element-313936e elementor-widget elementor-widget-image\" data-id=\"313936e\" data-element_type=\"widget\" data-e-type=\"widget\" data-widget_type=\"image.default\">\n\t\t\t\t<div class=\"elementor-widget-container\">\n\t\t\t\t\t\t\t\t\t\t\t\t\t\t\t<img fetchpriority=\"high\" decoding=\"async\" width=\"800\" height=\"600\" src=\"https:\/\/hastiere-tourisme.be\/wp-content\/uploads\/2023\/05\/Freyr800-600.jpg\" class=\"attachment-large size-large wp-image-14060\" alt=\"\" srcset=\"https:\/\/hastiere-tourisme.be\/wp-content\/uploads\/2023\/05\/Freyr800-600.jpg 800w, https:\/\/hastiere-tourisme.be\/wp-content\/uploads\/2023\/05\/Freyr800-600-300x225.jpg 300w, https:\/\/hastiere-tourisme.be\/wp-content\/uploads\/2023\/05\/Freyr800-600-768x576.jpg 768w\" sizes=\"(max-width: 800px) 100vw, 800px\" \/>\t\t\t\t\t\t\t\t\t\t\t\t\t\t\t<\/div>\n\t\t\t\t<\/div>\n\t\t\t\t\t<\/div>\n\t\t<\/div>\n\t\t\t\t<div class=\"elementor-column elementor-col-66 elementor-top-column elementor-element elementor-element-507bd78\" data-id=\"507bd78\" data-element_type=\"column\" data-e-type=\"column\">\n\t\t\t<div class=\"elementor-widget-wrap elementor-element-populated\">\n\t\t\t\t\t\t<div class=\"elementor-element elementor-element-0e8f536 elementor-widget elementor-widget-text-editor\" data-id=\"0e8f536\" data-element_type=\"widget\" data-e-type=\"widget\" data-widget_type=\"text-editor.default\">\n\t\t\t\t<div class=\"elementor-widget-container\">\n\t\t\t\t\t\t\t\t\t<p>The Fre\u00ffr castle occupies an exceptional site, on the left bank of the Meuse, facing the famous rocks. The building, in the Renaissance-Mosan style, is flanked by gardens. The whole complex is listed as a historic monument, making it an exceptional and unique heritage site in the Haute-Meuse valley. <\/p><p>Inside, the various furnished rooms bear witness to Belgium&#8217;s history.<\/p><p>This remarkable garden has all the hallmarks of a &#8220;\u00e0 la fran\u00e7aise&#8221; garden. It comprises 30,000 m\u00b2 of hedges, 9 ponds, 33 orange trees and a pavilion decorated by the Moretti brothers.<\/p><p>Domaine de Fre\u00ffr-ASBL, Ch\u00e2teau &amp; Jardins de Fre\u00ffr \u00e0 5540 Waulsort. Tel: +32 82 22.20.00. E-Mail: <a style=\"transition-property: all;\" href=\"mailto:tourisme@freyr.be\">tourisme@freyr.be<\/a><\/p><p>Lien vers le site: <a style=\"transition-property: all;\" href=\"http:\/\/www.freyr.be\/\" target=\"_blank\" rel=\"noopener\">http:\/\/www.freyr.be\/<\/a><\/p>\t\t\t\t\t\t\t\t<\/div>\n\t\t\t\t<\/div>\n\t\t\t\t<div class=\"elementor-element elementor-element-7aec6aa elementor-widget elementor-widget-html\" data-id=\"7aec6aa\" data-element_type=\"widget\" data-e-type=\"widget\" data-widget_type=\"html.default\">\n\t\t\t\t<div class=\"elementor-widget-container\">\n\t\t\t\t\t<a href=\"javascript:history.go(-1)\">Back<\/a>\r\n\r\n\t\t\t\t<\/div>\n\t\t\t\t<\/div>\n\t\t\t\t\t<\/div>\n\t\t<\/div>\n\t\t\t\t\t<\/div>\n\t\t<\/section>\n\t\t\t\t<section class=\"elementor-section elementor-top-section elementor-element elementor-element-96b0209 elementor-section-boxed elementor-section-height-default elementor-section-height-default\" data-id=\"96b0209\" data-element_type=\"section\" data-e-type=\"section\">\n\t\t\t\t\t\t<div class=\"elementor-container elementor-column-gap-default\">\n\t\t\t\t\t<div class=\"elementor-column elementor-col-100 elementor-top-column elementor-element elementor-element-14b0d80\" data-id=\"14b0d80\" data-element_type=\"column\" data-e-type=\"column\">\n\t\t\t<div class=\"elementor-widget-wrap elementor-element-populated\">\n\t\t\t\t\t\t<div class=\"elementor-element elementor-element-71d9986 elementor-widget elementor-widget-spacer\" data-id=\"71d9986\" data-element_type=\"widget\" data-e-type=\"widget\" data-widget_type=\"spacer.default\">\n\t\t\t\t<div class=\"elementor-widget-container\">\n\t\t\t\t\t\t\t<div class=\"elementor-spacer\">\n\t\t\t<div class=\"elementor-spacer-inner\"><\/div>\n\t\t<\/div>\n\t\t\t\t\t\t<\/div>\n\t\t\t\t<\/div>\n\t\t\t\t\t<\/div>\n\t\t<\/div>\n\t\t\t\t\t<\/div>\n\t\t<\/section>\n\t\t\t\t<\/div>\n\t\t","protected":false},"excerpt":{"rendered":"<p>The Fre\u00ffr Castle The Fre\u00ffr castle occupies an exceptional site, on the left bank of the Meuse, facing the famous rocks. The building, in the Renaissance-Mosan style, is flanked by gardens. The whole complex is listed as a historic monument, making it an exceptional and unique heritage site in the Haute-Meuse valley. Inside, the various [&hellip;]<\/p>\n","protected":false},"author":1,"featured_media":0,"parent":17598,"menu_order":2,"comment_status":"closed","ping_status":"closed","template":"redux-templates_full_width","meta":{"footnotes":""},"class_list":["post-17600","page","type-page","status-publish","hentry"],"_links":{"self":[{"href":"https:\/\/hastiere-tourisme.be\/en\/wp-json\/wp\/v2\/pages\/17600","targetHints":{"allow":["GET"]}}],"collection":[{"href":"https:\/\/hastiere-tourisme.be\/en\/wp-json\/wp\/v2\/pages"}],"about":[{"href":"https:\/\/hastiere-tourisme.be\/en\/wp-json\/wp\/v2\/types\/page"}],"author":[{"embeddable":true,"href":"https:\/\/hastiere-tourisme.be\/en\/wp-json\/wp\/v2\/users\/1"}],"replies":[{"embeddable":true,"href":"https:\/\/hastiere-tourisme.be\/en\/wp-json\/wp\/v2\/comments?post=17600"}],"version-history":[{"count":3,"href":"https:\/\/hastiere-tourisme.be\/en\/wp-json\/wp\/v2\/pages\/17600\/revisions"}],"predecessor-version":[{"id":56832,"href":"https:\/\/hastiere-tourisme.be\/en\/wp-json\/wp\/v2\/pages\/17600\/revisions\/56832"}],"up":[{"embeddable":true,"href":"https:\/\/hastiere-tourisme.be\/en\/wp-json\/wp\/v2\/pages\/17598"}],"wp:attachment":[{"href":"https:\/\/hastiere-tourisme.be\/en\/wp-json\/wp\/v2\/media?parent=17600"}],"curies":[{"name":"wp","href":"https:\/\/api.w.org\/{rel}","templated":true}]}}