{"id":17532,"date":"2023-07-12T11:48:45","date_gmt":"2023-07-12T09:48:45","guid":{"rendered":"https:\/\/hastiere-tourisme.be\/sleep\/bivouac-area\/"},"modified":"2024-03-21T15:29:04","modified_gmt":"2024-03-21T14:29:04","slug":"bivouac-area","status":"publish","type":"page","link":"https:\/\/hastiere-tourisme.be\/en\/sleep\/bivouac-area\/","title":{"rendered":"Bivouac area"},"content":{"rendered":"\t\t<div data-elementor-type=\"wp-page\" data-elementor-id=\"17532\" class=\"elementor elementor-17532 elementor-15609\">\n\t\t\t\t\t\t<section class=\"elementor-section elementor-top-section elementor-element elementor-element-7abd09ad elementor-section-height-min-height elementor-section-content-middle elementor-section-boxed elementor-section-height-default elementor-section-items-middle\" data-id=\"7abd09ad\" data-element_type=\"section\" data-e-type=\"section\" data-settings=\"{&quot;background_background&quot;:&quot;classic&quot;}\">\n\t\t\t\t\t\t<div class=\"elementor-container elementor-column-gap-default\">\n\t\t\t\t\t<div class=\"elementor-column elementor-col-100 elementor-top-column elementor-element elementor-element-594c05db\" data-id=\"594c05db\" data-element_type=\"column\" data-e-type=\"column\">\n\t\t\t<div class=\"elementor-widget-wrap elementor-element-populated\">\n\t\t\t\t\t\t<div class=\"elementor-element elementor-element-5021cb89 elementor-widget elementor-widget-heading\" data-id=\"5021cb89\" data-element_type=\"widget\" data-e-type=\"widget\" data-widget_type=\"heading.default\">\n\t\t\t\t<div class=\"elementor-widget-container\">\n\t\t\t\t\t<h2 class=\"elementor-heading-title elementor-size-xxl\">Our Bivouac<\/h2>\t\t\t\t<\/div>\n\t\t\t\t<\/div>\n\t\t\t\t\t<\/div>\n\t\t<\/div>\n\t\t\t\t\t<\/div>\n\t\t<\/section>\n\t\t\t\t<section class=\"elementor-section elementor-top-section elementor-element elementor-element-14ec5f3 elementor-section-boxed elementor-section-height-default elementor-section-height-default\" data-id=\"14ec5f3\" data-element_type=\"section\" data-e-type=\"section\">\n\t\t\t\t\t\t<div class=\"elementor-container elementor-column-gap-default\">\n\t\t\t\t\t<div class=\"elementor-column elementor-col-100 elementor-top-column elementor-element elementor-element-ad9ca06\" data-id=\"ad9ca06\" data-element_type=\"column\" data-e-type=\"column\">\n\t\t\t<div class=\"elementor-widget-wrap elementor-element-populated\">\n\t\t\t\t\t\t<div class=\"elementor-element elementor-element-9e7a8c6 elementor-widget elementor-widget-spacer\" data-id=\"9e7a8c6\" data-element_type=\"widget\" data-e-type=\"widget\" data-widget_type=\"spacer.default\">\n\t\t\t\t<div class=\"elementor-widget-container\">\n\t\t\t\t\t\t\t<div class=\"elementor-spacer\">\n\t\t\t<div class=\"elementor-spacer-inner\"><\/div>\n\t\t<\/div>\n\t\t\t\t\t\t<\/div>\n\t\t\t\t<\/div>\n\t\t\t\t\t<\/div>\n\t\t<\/div>\n\t\t\t\t\t<\/div>\n\t\t<\/section>\n\t\t\t\t<section class=\"elementor-section elementor-top-section elementor-element elementor-element-690b7ce elementor-section-boxed elementor-section-height-default elementor-section-height-default\" data-id=\"690b7ce\" data-element_type=\"section\" data-e-type=\"section\">\n\t\t\t\t\t\t<div class=\"elementor-container elementor-column-gap-default\">\n\t\t\t\t\t<div class=\"elementor-column elementor-col-25 elementor-top-column elementor-element elementor-element-88c65ea\" data-id=\"88c65ea\" data-element_type=\"column\" data-e-type=\"column\">\n\t\t\t<div class=\"elementor-widget-wrap\">\n\t\t\t\t\t\t\t<\/div>\n\t\t<\/div>\n\t\t\t\t<div class=\"elementor-column elementor-col-25 elementor-top-column elementor-element elementor-element-4563867\" data-id=\"4563867\" data-element_type=\"column\" data-e-type=\"column\">\n\t\t\t<div class=\"elementor-widget-wrap elementor-element-populated\">\n\t\t\t\t\t\t<div class=\"elementor-element elementor-element-5775c29 elementor-widget elementor-widget-text-editor\" data-id=\"5775c29\" data-element_type=\"widget\" data-e-type=\"widget\" data-widget_type=\"text-editor.default\">\n\t\t\t\t<div class=\"elementor-widget-container\">\n\t\t\t\t\t\t\t\t\t<pre>Aire de Bivouac<\/pre>\n\t\t\t\t\t\t\t\t<\/div>\n\t\t\t\t<\/div>\n\t\t\t\t<div class=\"elementor-element elementor-element-d1b010d elementor-widget elementor-widget-image\" data-id=\"d1b010d\" data-element_type=\"widget\" data-e-type=\"widget\" data-widget_type=\"image.default\">\n\t\t\t\t<div class=\"elementor-widget-container\">\n\t\t\t\t\t\t\t\t\t\t\t\t\t\t\t<img decoding=\"async\" width=\"150\" height=\"150\" src=\"https:\/\/hastiere-tourisme.be\/wp-content\/uploads\/2023\/07\/bivouac-1-150x150.jpg\" class=\"attachment-thumbnail size-thumbnail wp-image-15923\" alt=\"\" srcset=\"https:\/\/hastiere-tourisme.be\/wp-content\/uploads\/2023\/07\/bivouac-1-150x150.jpg 150w, https:\/\/hastiere-tourisme.be\/wp-content\/uploads\/2023\/07\/bivouac-1-300x300.jpg 300w, https:\/\/hastiere-tourisme.be\/wp-content\/uploads\/2023\/07\/bivouac-1-500x500.jpg 500w, https:\/\/hastiere-tourisme.be\/wp-content\/uploads\/2023\/07\/bivouac-1-450x450.jpg 450w, https:\/\/hastiere-tourisme.be\/wp-content\/uploads\/2023\/07\/bivouac-1-106x106.jpg 106w, https:\/\/hastiere-tourisme.be\/wp-content\/uploads\/2023\/07\/bivouac-1-560x560.jpg 560w, https:\/\/hastiere-tourisme.be\/wp-content\/uploads\/2023\/07\/bivouac-1-70x70.jpg 70w\" sizes=\"(max-width: 150px) 100vw, 150px\" \/>\t\t\t\t\t\t\t\t\t\t\t\t\t\t\t<\/div>\n\t\t\t\t<\/div>\n\t\t\t\t<div class=\"elementor-element elementor-element-5cff6b3 elementor-align-center elementor-widget elementor-widget-button\" data-id=\"5cff6b3\" data-element_type=\"widget\" data-e-type=\"widget\" data-widget_type=\"button.default\">\n\t\t\t\t<div class=\"elementor-widget-container\">\n\t\t\t\t\t\t\t\t\t<div class=\"elementor-button-wrapper\">\n\t\t\t\t\t<a class=\"elementor-button elementor-button-link elementor-size-sm\" href=\"https:\/\/reservation.elloha.com\/?idPublication=6d3ed522-d82a-4991-ad33-d7bc0f8cab00&#038;idoi=87f006fd-6257-4d4c-bea4-2a4063405b2d&#038;searchFirstAvailableDates=1&#038;culture=fr-FR\" target=\"_blank\">\n\t\t\t\t\t\t<span class=\"elementor-button-content-wrapper\">\n\t\t\t\t\t\t\t\t\t<span class=\"elementor-button-text\">Book<\/span>\n\t\t\t\t\t<\/span>\n\t\t\t\t\t<\/a>\n\t\t\t\t<\/div>\n\t\t\t\t\t\t\t\t<\/div>\n\t\t\t\t<\/div>\n\t\t\t\t\t<\/div>\n\t\t<\/div>\n\t\t\t\t<div class=\"elementor-column elementor-col-25 elementor-top-column elementor-element elementor-element-c361e1d\" data-id=\"c361e1d\" data-element_type=\"column\" data-e-type=\"column\">\n\t\t\t<div class=\"elementor-widget-wrap\">\n\t\t\t\t\t\t\t<\/div>\n\t\t<\/div>\n\t\t\t\t<div class=\"elementor-column elementor-col-25 elementor-top-column elementor-element elementor-element-cd0c151\" data-id=\"cd0c151\" data-element_type=\"column\" data-e-type=\"column\">\n\t\t\t<div class=\"elementor-widget-wrap\">\n\t\t\t\t\t\t\t<\/div>\n\t\t<\/div>\n\t\t\t\t\t<\/div>\n\t\t<\/section>\n\t\t\t\t<section class=\"elementor-section elementor-top-section elementor-element elementor-element-7082115 elementor-section-boxed elementor-section-height-default elementor-section-height-default\" data-id=\"7082115\" data-element_type=\"section\" data-e-type=\"section\">\n\t\t\t\t\t\t<div class=\"elementor-container elementor-column-gap-default\">\n\t\t\t\t\t<div class=\"elementor-column elementor-col-100 elementor-top-column elementor-element elementor-element-f83e963\" data-id=\"f83e963\" data-element_type=\"column\" data-e-type=\"column\">\n\t\t\t<div class=\"elementor-widget-wrap elementor-element-populated\">\n\t\t\t\t\t\t<div class=\"elementor-element elementor-element-4fdb498 elementor-widget elementor-widget-spacer\" data-id=\"4fdb498\" data-element_type=\"widget\" data-e-type=\"widget\" data-widget_type=\"spacer.default\">\n\t\t\t\t<div class=\"elementor-widget-container\">\n\t\t\t\t\t\t\t<div class=\"elementor-spacer\">\n\t\t\t<div class=\"elementor-spacer-inner\"><\/div>\n\t\t<\/div>\n\t\t\t\t\t\t<\/div>\n\t\t\t\t<\/div>\n\t\t\t\t\t<\/div>\n\t\t<\/div>\n\t\t\t\t\t<\/div>\n\t\t<\/section>\n\t\t\t\t<section class=\"elementor-section elementor-top-section elementor-element elementor-element-71fd80a elementor-section-boxed elementor-section-height-default elementor-section-height-default\" data-id=\"71fd80a\" data-element_type=\"section\" data-e-type=\"section\">\n\t\t\t\t\t\t<div class=\"elementor-container elementor-column-gap-default\">\n\t\t\t\t\t<div class=\"elementor-column elementor-col-100 elementor-top-column elementor-element elementor-element-c10f905\" data-id=\"c10f905\" data-element_type=\"column\" data-e-type=\"column\">\n\t\t\t<div class=\"elementor-widget-wrap elementor-element-populated\">\n\t\t\t\t\t\t<div class=\"elementor-element elementor-element-131d7d9 elementor-widget elementor-widget-text-editor\" data-id=\"131d7d9\" data-element_type=\"widget\" data-e-type=\"widget\" data-widget_type=\"text-editor.default\">\n\t\t\t\t<div class=\"elementor-widget-container\">\n\t\t\t\t\t\t\t\t\t<p>LA GRANDE TRAVERS\u00c9E DE LA FOR\u00caT DU PAYS DE CHIMAY<\/p>\n<p>Hike over 170 km of Grande Randonn\u00e9e trails and spend the night in a tent in the forest.<\/p>\n<p>Thanks to our booking system, we can offer you a privileged &#8220;100% forest&#8221; experience and continue to develop this trail in a positive way.<\/p>\n<p>Important booking information :<\/p>\n<ul>\n<li>Maximum 2 people per tent<\/li>\n<li>Maximum 5 tents per bivouac<\/li>\n<li>Reservations are NAMINAL and FREE<\/li>\n<li>Reservations must be made in advance<\/li>\n<li>It is forbidden to spend 2 consecutive nights in the same bivouac area.<\/li>\n<\/ul>\n<p>Please note: The walking tour is accessible without reservation. Reservations are for the bivouac area only.<\/p>\n<p>In bivouac areas, it is forbidden to light a fire. Stoves are recommended. You can bring all your equipment and your food and water supplies. Tents are authorized from 4 p.m. to 10 a.m., no tents during the day. The bivouac areas are reserved for hikers, cyclists and riders.<\/p>\n<p>Bivouac in the Hermeton valley<\/p>\n<p>Coordinates: 50.2010 N &#8211; 4.7986E<\/p>\n<p><a href=\"https:\/\/www.openstreetmap.org\/#map=16\/50.2010\/4.7888\" target=\"_blank\" rel=\"noopener\" data-cke-saved-href=\"https:\/\/www.openstreetmap.org\/#map=16\/50.2010\/4.7888\">https:\/\/www.openstreetmap.org\/#map=16\/50.2010\/4.7986<\/a><\/p>\n<p>Information: Hasti\u00e8re Tourist Office: info@hastiere-tourisme.be &#8211; +32(0)82\/64.44.34<\/p>\n\t\t\t\t\t\t\t\t<\/div>\n\t\t\t\t<\/div>\n\t\t\t\t\t<\/div>\n\t\t<\/div>\n\t\t\t\t\t<\/div>\n\t\t<\/section>\n\t\t\t\t<\/div>\n\t\t","protected":false},"excerpt":{"rendered":"<p>Our Bivouac Aire de Bivouac Book LA GRANDE TRAVERS\u00c9E DE LA FOR\u00caT DU PAYS DE CHIMAY Hike over 170 km of Grande Randonn\u00e9e trails and spend the night in a tent in the forest. Thanks to our booking system, we can offer you a privileged &#8220;100% forest&#8221; experience and continue to develop this trail in [&hellip;]<\/p>\n","protected":false},"author":1,"featured_media":0,"parent":17530,"menu_order":2,"comment_status":"closed","ping_status":"closed","template":"redux-templates_full_width","meta":{"footnotes":""},"class_list":["post-17532","page","type-page","status-publish","hentry"],"_links":{"self":[{"href":"https:\/\/hastiere-tourisme.be\/en\/wp-json\/wp\/v2\/pages\/17532","targetHints":{"allow":["GET"]}}],"collection":[{"href":"https:\/\/hastiere-tourisme.be\/en\/wp-json\/wp\/v2\/pages"}],"about":[{"href":"https:\/\/hastiere-tourisme.be\/en\/wp-json\/wp\/v2\/types\/page"}],"author":[{"embeddable":true,"href":"https:\/\/hastiere-tourisme.be\/en\/wp-json\/wp\/v2\/users\/1"}],"replies":[{"embeddable":true,"href":"https:\/\/hastiere-tourisme.be\/en\/wp-json\/wp\/v2\/comments?post=17532"}],"version-history":[{"count":0,"href":"https:\/\/hastiere-tourisme.be\/en\/wp-json\/wp\/v2\/pages\/17532\/revisions"}],"up":[{"embeddable":true,"href":"https:\/\/hastiere-tourisme.be\/en\/wp-json\/wp\/v2\/pages\/17530"}],"wp:attachment":[{"href":"https:\/\/hastiere-tourisme.be\/en\/wp-json\/wp\/v2\/media?parent=17532"}],"curies":[{"name":"wp","href":"https:\/\/api.w.org\/{rel}","templated":true}]}}